{"id":755,"date":"2023-01-19T12:09:38","date_gmt":"2023-01-19T11:09:38","guid":{"rendered":"http:\/\/www.martinellifenzo.com\/home00\/"},"modified":"2023-01-26T23:15:48","modified_gmt":"2023-01-26T22:15:48","slug":"home00","status":"publish","type":"page","link":"https:\/\/www.martinellifenzo.com\/fr\/","title":{"rendered":"Home"},"content":{"rendered":"\n<div class=\"wp-block-cover alignfull\" style=\"min-height:430px;aspect-ratio:unset;\"><span aria-hidden=\"true\" class=\"wp-block-cover__background has-background-dim-0 has-background-dim\"><\/span><img loading=\"lazy\" decoding=\"async\" width=\"1481\" height=\"541\" class=\"wp-block-cover__image-background wp-image-59\" alt=\"florence\" src=\"http:\/\/www.martinellifenzo.com\/wp-content\/uploads\/2023\/01\/urania-florence.jpg\" data-object-fit=\"cover\" srcset=\"https:\/\/www.martinellifenzo.com\/wp-content\/uploads\/2023\/01\/urania-florence.jpg 1481w, https:\/\/www.martinellifenzo.com\/wp-content\/uploads\/2023\/01\/urania-florence-300x110.jpg 300w, https:\/\/www.martinellifenzo.com\/wp-content\/uploads\/2023\/01\/urania-florence-1024x374.jpg 1024w, https:\/\/www.martinellifenzo.com\/wp-content\/uploads\/2023\/01\/urania-florence-768x281.jpg 768w\" sizes=\"auto, (max-width: 1481px) 100vw, 1481px\" \/><div class=\"wp-block-cover__inner-container is-layout-flow wp-block-cover-is-layout-flow\">\n<p class=\"has-text-align-center has-large-font-size\"><div class=\"wonderpluginslider-container\" id=\"wonderpluginslider-container-1\" style=\"max-width:840px;margin:0 auto;padding-left:0px;padding-right:0px;padding-top:0px;padding-bottom:60px;\"><div class=\"wonderpluginslider\" id=\"wonderpluginslider-1\" data-sliderid=\"1\" data-width=\"840\" data-height=\"360\" data-skin=\"content\" data-usejsforfullbrowserwidth=\"false\" data-fullbrowserwidth=\"false\" data-playmutedandinlinewhenautoplay=\"false\" data-addextraattributes=\"false\" data-autoplay=\"true\" data-randomplay=\"false\" data-loadimageondemand=\"false\" data-transitiononfirstslide=\"false\" data-autoplayvideo=\"false\" data-isresponsive=\"true\" data-fullwidth=\"false\" data-isfullscreen=\"false\" data-ratioresponsive=\"true\" data-showtext=\"true\" data-showtimer=\"true\" data-showbottomshadow=\"true\" data-navshowpreview=\"false\" data-textautohide=\"true\" data-pauseonmouseover=\"false\" data-lightboxresponsive=\"true\" data-lightboxshownavigation=\"false\" data-lightboxshowtitle=\"true\" data-lightboxshowdescription=\"false\" data-texteffectresponsive=\"true\" data-donotinit=\"false\" data-addinitscript=\"false\" data-lightboxfullscreenmode=\"false\" data-lightboxcloseonoverlay=\"true\" data-lightboxvideohidecontrols=\"false\" data-lightboxnogroup=\"false\" data-shownav=\"true\" data-navthumbresponsive=\"false\" data-navshowfeaturedarrow=\"false\" data-inityoutube=\"true\" data-initvimeo=\"true\" data-navshowplaypause=\"true\" data-navshowarrow=\"true\" data-navshowbuttons=\"false\" data-lightboxshowsocial=\"false\" data-lightboxshowfacebook=\"true\" data-lightboxshowtwitter=\"true\" data-lightboxshowpinterest=\"true\" data-lightboxsocialrotateeffect=\"true\" data-showsocial=\"false\" data-showfacebook=\"true\" data-showtwitter=\"true\" data-showpinterest=\"true\" data-socialrotateeffect=\"true\" data-disableinlinecss=\"false\" data-triggerresize=\"false\" data-lightboxautoslide=\"false\" data-lightboxshowtimer=\"true\" data-lightboxshowplaybutton=\"false\" data-lightboxalwaysshownavarrows=\"false\" data-lightboxshowtitleprefix=\"true\" data-titleusealt=\"false\" data-outputtext=\"false\" data-titletag=\"h1\" data-descriptiontag=\"h2\" data-scalemode=\"fill\" data-arrowstyle=\"mouseover\" data-transition=\"cssslide\" data-loop=\"0\" data-border=\"0\" data-slideinterval=\"8000\" data-arrowimage=\"arrows-32-32-4.png\" data-arrowwidth=\"32\" data-arrowheight=\"32\" data-arrowtop=\"50\" data-arrowmargin=\"0\" data-ga4account=\"\" data-googleanalyticsaccount=\"\" data-navplaypauseimage=\"navplaypause-28-28-0.png\" data-navarrowimage=\"navarrows-28-28-0.png\" data-navstyle=\"bullets\" data-navimage=\"bullet-16-16-1.png\" data-navwidth=\"16\" data-navheight=\"16\" data-navspacing=\"8\" data-navmarginx=\"16\" data-navmarginy=\"16\" data-navposition=\"bottom\" data-navthumbnavigationstyle=\"arrow\" data-navthumbnavigationarrowimage=\"carouselarrows-32-32-0.png\" data-navthumbnavigationarrowimagewidth=\"32\" data-navthumbnavigationarrowimageheight=\"32\" data-playvideoimage=\"playvideo-64-64-0.png\" data-playvideoimagewidth=\"64\" data-playvideoimageheight=\"64\" data-lightboxthumbwidth=\"90\" data-lightboxthumbheight=\"60\" data-lightboxthumbtopmargin=\"12\" data-lightboxthumbbottommargin=\"4\" data-lightboxbarheight=\"64\" data-lightboxtitlebottomcss=\"color:#333; font-size:14px; font-family:Armata,sans-serif,Arial; overflow:hidden; text-align:left;\" data-lightboxdescriptionbottomcss=\"color:#333; font-size:12px; font-family:Arial,Helvetica,sans-serif; overflow:hidden; text-align:left; margin:4px 0px 0px; padding: 0px;\" data-textformat=\"Center text\" data-textpositionstatic=\"bottom\" data-textpositiondynamic=\"centercenter\" data-paddingleft=\"0\" data-paddingright=\"0\" data-paddingtop=\"0\" data-paddingbottom=\"60\" data-texteffectresponsivesize=\"640\" data-textleftrightpercentforstatic=\"40\" data-fadeduration=\"1000\" data-crossfadeduration=\"1000\" data-fadeoutfadeinduration=\"2000\" data-slideduration=\"1000\" data-cssslideduration=\"1000\" data-elasticduration=\"1000\" data-sliceduration=\"1500\" data-blindsduration=\"1500\" data-blocksduration=\"1500\" data-shuffleduration=\"1500\" data-tilesduration=\"2000\" data-kenburnsduration=\"5000\" data-flipduration=\"1500\" data-flipwithzoomduration=\"2000\" data-threedduration=\"1500\" data-threedhorizontalduration=\"1500\" data-threedwithzoomduration=\"2500\" data-threedhorizontalwithzoomduration=\"2200\" data-threedflipduration=\"1500\" data-threedflipwithzoomduration=\"2000\" data-threedtilesduration=\"2000\" data-threedfallback=\"flip\" data-threedhorizontalfallback=\"flip\" data-threedwithzoomfallback=\"flipwithzoom\" data-threedhorizontalwithzoomfallback=\"flipwithzoom\" data-threedflipfallback=\"flip\" data-threedflipwithzoomfallback=\"flipwithzoom\" data-threedtilesfallback=\"tiles\" data-ratiomediumscreen=\"900\" data-ratiomediumheight=\"1.6\" data-ratiosmallscreen=\"640\" data-ratiosmallheight=\"2.4\" data-socialmode=\"mouseover\" data-socialposition=\"position:absolute;top:8px;right:8px;\" data-socialpositionsmallscreen=\"position:absolute;top:8px;right:8px;\" data-socialdirection=\"horizontal\" data-socialbuttonsize=\"32\" data-socialbuttonfontsize=\"18\" data-navthumbcolumn=\"5\" data-navthumbtitleheight=\"20\" data-navthumbtitlewidth=\"120\" data-navthumbresponsivemode=\"samesize\" data-navthumbstyle=\"imageonly\" data-navthumbmediumsize=\"900\" data-navthumbmediumwidth=\"64\" data-navthumbmediumheight=\"64\" data-navthumbmediumcolumn=\"4\" data-navthumbmediumtitleheight=\"18\" data-navthumbmediumtitlewidth=\"120\" data-navthumbsmallsize=\"600\" data-navthumbsmallwidth=\"48\" data-navthumbsmallheight=\"48\" data-navthumbsmallcolumn=\"3\" data-navthumbsmalltitleheight=\"18\" data-navthumbsmalltitlewidth=\"120\" data-lightboxsocialposition=\"position:absolute;top:100%;right:0;\" data-lightboxsocialpositionsmallscreen=\"position:absolute;top:100%;right:0;left:0;\" data-lightboxsocialdirection=\"horizontal\" data-lightboxsocialbuttonsize=\"32\" data-lightboxsocialbuttonfontsize=\"18\" data-lightboxtitlestyle=\"bottom\" data-lightboximagepercentage=\"75\" data-lightboxdefaultvideovolume=\"1\" data-lightboxoverlaybgcolor=\"#000\" data-lightboxoverlayopacity=\"0.9\" data-lightboxbgcolor=\"#fff\" data-lightboxtitleprefix=\"%NUM \/ %TOTAL\" data-lightboxtitleinsidecss=\"color:#fff; font-size:16px; font-family:Arial,Helvetica,sans-serif; overflow:hidden; text-align:left;\" data-lightboxdescriptioninsidecss=\"color:#fff; font-size:12px; font-family:Arial,Helvetica,sans-serif; overflow:hidden; text-align:left; margin:4px 0px 0px; padding: 0px;\" data-lightboxtitleoutsidecss=\"color:#fff; font-size:18px; font-family:Arial,Helvetica,sans-serif; overflow:hidden; text-align:center; margin: 8px;\" data-lightboxdescriptionoutsidecss=\"color:#fff; font-size:14px; font-family:Arial,Helvetica,sans-serif; overflow:hidden; text-align:center; margin:8px; padding: 0px;\" data-triggerresizedelay=\"100\" data-lightboxslideinterval=\"5000\" data-lightboxtimerposition=\"bottom\" data-lightboxtimercolor=\"#dc572e\" data-lightboxtimeropacity=\"1\" data-lightboxbordersize=\"8\" data-lightboxborderradius=\"0\" data-textcss=\"display:block; padding:48px; text-align:center;\" data-textbgcss=\"display:none;\" data-titlecss=\"display:table; position:relative; font-weight:300; font-style:italic; font-size:32px; font-family:Georgia,sans-serif,Arial; color:#fff; padding:10px; margin:0px auto;\" data-descriptioncss=\"display:block; position:relative; font-weight:300; font-style:normal; font-size:20px; line-height:30px; font-family:Georgia,sans-serif,Arial; color:#fff; padding:10px; margin:0px auto;\" data-buttoncss=\"display:block; position:relative; margin:10px auto;\" data-titlecssresponsive=\"font-size:12px;\" data-descriptioncssresponsive=\"font-size:12px;\" data-buttoncssresponsive=\"\" data-jsfolder=\"https:\/\/www.martinellifenzo.com\/wp-content\/plugins\/wonderplugin-slider-lite\/engine\/\" style=\"display:none;\" ><ul class=\"amazingslider-slides\"  style=\"display:none;\"><li><img decoding=\"async\" class=\"amazingslider-img-elem amazingsliderimg\" src=\"http:\/\/www.martinellifenzo.com\/wp-content\/uploads\/2023\/01\/Schermata-da-2023-01-24-11-20-44.png\" alt=\"Perfecto\" title=\"&quot;Perfecto&quot; enfile-aiguille automatique\" data-description=\"Perfecto est la petite machine enfile-aiguille universelle, pour tout type d\u2019aiguilles, en partant des plus grandes pour la laine et la broderie en passant par les tr\u00e8s fines jusqu\u2019\u00e0 la n\u00b010 pour la soie. Perfecto a 3 canaux \u00e0 utiliser en fonction de la taille de l\u2019aiguille!\" data-texteffect=\"Grey box\" \/><video preload=\"none\" data-src=\"http:\/\/www.martinellifenzo.com\/wp-content\/uploads\/2023\/01\/Needle-Threader-PERFECTO-1-3.mp4\"><\/video><\/li><li><img decoding=\"async\" class=\"amazingslider-img-elem amazingsliderimg\" src=\"http:\/\/www.martinellifenzo.com\/wp-content\/uploads\/2023\/01\/Schermata-da-2023-01-24-11-22-05.png\" alt=\"Infila\" title=\"&quot;Infila&quot; enfile-aiguille automatique\" data-description=\"Infila est la petite machine enfile-aiguille pour les grosses aiguilles de laine et pour les aiguilles tr\u00e8s fines pour la couture normale; avec Infila vous pourrez enfiler les aiguilles m\u00eame les yeux ferm\u00e9s! Si vous \u00eates \u00e0 la recherche d\u2019un moyen de gagner un temps pr\u00e9cieux, nous avons ce que vous cherchez!\" data-texteffect=\"Grey box\" \/><video preload=\"none\" data-src=\"http:\/\/www.martinellifenzo.com\/wp-content\/uploads\/2023\/01\/Needle-Threader-INFILA-2.mp4\"><\/video><\/li><\/ul><\/div><\/div><div id=\"amazingslider_customtexteffect_1\" style=\"display:none;\" data-texteffect=\"{&quot;Center text&quot;:{&quot;textstyle&quot;:&quot;dynamic&quot;,&quot;textpositionstatic&quot;:&quot;bottom&quot;,&quot;textautohide&quot;:true,&quot;textpositionmarginstatic&quot;:0,&quot;textpositiondynamic&quot;:&quot;centercenter&quot;,&quot;textpositionmarginleft&quot;:24,&quot;textpositionmarginright&quot;:24,&quot;textpositionmargintop&quot;:24,&quot;textpositionmarginbottom&quot;:24,&quot;texteffect&quot;:&quot;slide&quot;,&quot;texteffecteasing&quot;:&quot;easeOutCubic&quot;,&quot;texteffectduration&quot;:600,&quot;texteffectslidedirection&quot;:&quot;bottom&quot;,&quot;texteffectslidedistance&quot;:30,&quot;texteffectdelay&quot;:500,&quot;texteffectseparate&quot;:true,&quot;texteffect1&quot;:&quot;slide&quot;,&quot;texteffectslidedirection1&quot;:&quot;bottom&quot;,&quot;texteffectslidedistance1&quot;:30,&quot;texteffecteasing1&quot;:&quot;easeOutCubic&quot;,&quot;texteffectduration1&quot;:600,&quot;texteffectdelay1&quot;:1000,&quot;texteffect2&quot;:&quot;slide&quot;,&quot;texteffectslidedirection2&quot;:&quot;bottom&quot;,&quot;texteffectslidedistance2&quot;:30,&quot;texteffecteasing2&quot;:&quot;easeOutCubic&quot;,&quot;texteffectduration2&quot;:600,&quot;texteffectdelay2&quot;:1500,&quot;textcss&quot;:&quot;display:block; padding:48px; text-align:center;&quot;,&quot;textbgcss&quot;:&quot;display:none;&quot;,&quot;titlecss&quot;:&quot;display:table; position:relative; font-weight:300; font-style:italic; font-size:32px; font-family:Georgia,sans-serif,Arial; color:#fff; padding:10px; margin:0px auto;&quot;,&quot;descriptioncss&quot;:&quot;display:block; position:relative; font-weight:300; font-style:normal; font-size:20px; line-height:30px; font-family:Georgia,sans-serif,Arial; color:#fff; padding:10px; margin:0px auto;&quot;,&quot;buttoncss&quot;:&quot;display:block; position:relative; margin:10px auto;&quot;,&quot;texteffectresponsive&quot;:true,&quot;texteffectresponsivesize&quot;:640,&quot;titlecssresponsive&quot;:&quot;font-size:12px;&quot;,&quot;descriptioncssresponsive&quot;:&quot;font-size:12px;&quot;,&quot;buttoncssresponsive&quot;:&quot;&quot;,&quot;addgooglefonts&quot;:false,&quot;googlefonts&quot;:&quot;&quot;,&quot;textleftrightpercentforstatic&quot;:40}}\"><\/div><script>function wonderslider_1_appendcss(csscode) {var head=document.head || document.getElementsByTagName(\"head\")[0];var style=document.createElement(\"style\");head.appendChild(style);style.type=\"text\/css\";if (style.styleSheet){style.styleSheet.cssText=csscode;} else {style.appendChild(document.createTextNode(csscode));}};wonderslider_1_appendcss(\"#wonderpluginslider-1 .star-rating { \tdisplay: inline-block; }\");<\/script><\/p>\n<\/div><\/div>\n\n\n\n<div class=\"wp-block-cover alignfull\"><span aria-hidden=\"true\" class=\"wp-block-cover__background has-background-dim-100 has-background-dim\" style=\"background-color:#0c71c3\"><\/span><div class=\"wp-block-cover__inner-container is-layout-flow wp-block-cover-is-layout-flow\">\n<p><img loading=\"lazy\" decoding=\"async\" class=\"size-medium wp-image-305 aligncenter\" src=\"http:\/\/www.martinellifenzo.com\/wp-content\/uploads\/2023\/01\/italy_640-300x225.png\" alt=\"bandiera\" width=\"300\" height=\"225\" srcset=\"https:\/\/www.martinellifenzo.com\/wp-content\/uploads\/2023\/01\/italy_640-300x225.png 300w, https:\/\/www.martinellifenzo.com\/wp-content\/uploads\/2023\/01\/italy_640.png 640w\" sizes=\"auto, (max-width: 300px) 100vw, 300px\" \/><\/p>\n<div class=\"et_pb_column et_pb_column_4_4  et_pb_column_1\">\n<div class=\"et_pb_text et_pb_module et_pb_bg_layout_dark et_pb_text_align_center  et_pb_text_0\">\n<p style=\"text-align: center;\"><strong>100% MADE IN ITALY<\/strong><\/p>\n<\/div>\n<div class=\"et_pb_text et_pb_module et_pb_bg_layout_dark et_pb_text_align_center  et_pb_text_1\">\n<div class=\"blurb\">\n<div class=\"et_pb_text et_pb_module et_pb_bg_layout_dark et_pb_text_align_center  et_pb_text_1\">\n<p style=\"text-align: center;\">Les objets con\u00e7us et produits par Urania sont tous produits en Italie et sont test\u00e9s avec le plus grand soin directement par notre soci\u00e9t\u00e9.<\/p>\n<\/div>\n<\/div>\n<\/div>\n<\/div>\n<\/div><\/div>\n\n\n\n<div style=\"height:35px\" aria-hidden=\"true\" class=\"wp-block-spacer\"><\/div>\n\n\n\n<h2 class=\"has-text-align-center wp-block-heading\">Profil de l\u2019Entreprise<\/h2>\n\n\n\n<hr class=\"wp-block-separator has-alpha-channel-opacity\"\/>\n\n\n<div class=\" et_pb_row et_pb_row_2\">\n<div class=\"et_pb_column et_pb_column_4_4  et_pb_column_2\">\n<div class=\"et_pb_text et_pb_module et_pb_bg_layout_light et_pb_text_align_left  et_pb_text_3\">\n<p>La <strong>soci\u00e9t\u00e9 Urania<\/strong> se distingue dans le panorama des march\u00e9s italiens et \u00e9trangers en<strong> produisant enfileur de machines<\/strong>, ainsi que divers articles en plastique pour des solutions pratiques et originales.<br><span id=\"more-7\"><\/span><\/p>\n<p>Urania, avec la propre installation et \u00e9quipement, il con\u00e7oit et il produit dans son usine la <strong>collection de petites machines enfile aiguilles<\/strong> et d\u2019autres objets utiles \u00e0 l\u2019utilisation de la vie quotidienne, en affirmant le concept du Made en Italy travers le soin du produit, l\u2019essai s\u00e9v\u00e8re et le service ponctuel de commercialisation.<\/p>\n<p>Les petites machines sont aptes pour tout type d\u2019aiguille, jusqu\u2019\u00e0 les minces pour la soie \u00e0 ceux-l\u00e0 de broderie, \u00e0 la fois pour les machines \u00e0 coudre, en plus, avec ces objets fantastiques il est possible d\u2019enfiler l\u2019aiguille aux plus t\u00eates (fil multiple), de sorte que le fil soit plus r\u00e9sistant pour attacher boutons ou pour coutures sp\u00e9ciales.<\/p>\n<p>Ces petits objets permettent aussi aux personnes ayant une basse vision pour enfiler les aiguilles ou pour faciliter et acc\u00e9l\u00e9rer l\u2019op\u00e9ration pour les personnes avec une vue parfaite.<\/p>\n<p>Pour enrichir la gamme de la collection ils viennent produits des embauchoirs chaussures artisanaux, pour mettre en forme chaussures d\u2019homme, femme et enfant, tire-bouchon pour d\u00e9boucher toute bouteille sans effort, etc\u2026<\/p>\n<p>L\u2019exp\u00e9rience et la tradition sont un point de force claire de la soci\u00e9t\u00e9, le design exclusif et original des mod\u00e8les conf\u00e8re une esth\u00e9tique attrayante, caract\u00e9ristique du <strong>Made en Italy<\/strong>, essentiel pour la vente.<\/p>\n<\/div>\n<\/div>\n<\/div>\n\n\n<div class=\"wp-block-columns is-layout-flex wp-container-core-columns-is-layout-28f84493 wp-block-columns-is-layout-flex\">\n<div class=\"wp-block-column is-layout-flow wp-block-column-is-layout-flow\">\n<div style=\"background-color: #0c71c3; text-align: center; padding: 20px 0 10px 0;\">\n<h3 style=\"color: white;\">DECOUVREZ TOUS LES PRODUITS URANIA<\/h3>\n<p><button><a style=\"color: white;\" href=\"\/fr\/produits\">Produits<\/a><\/button><\/p>\n<\/div>\n<\/div>\n<\/div>\n\n\n\n<h2 class=\"has-text-align-center wp-block-heading\">Contacts<\/h2>\n\n\n\n<hr class=\"wp-block-separator has-alpha-channel-opacity\"\/>\n\n\n<div class=\"et_pb_text et_pb_module et_pb_bg_layout_light et_pb_text_align_center  et_pb_text_6\">\n<p style=\"text-align: center;\">Pour obtenir plus amples informations sur nos produits (sans aucune obligation d\u2019achat), nous vous invitons \u00e0 remplir le formulaire ci-dessous:<\/p>\n<\/div>\n\n\n\n<div class=\"wpcf7 no-js\" id=\"wpcf7-f759-o1\" lang=\"it-IT\" dir=\"ltr\" data-wpcf7-id=\"759\">\n<div class=\"screen-reader-response\"><p role=\"status\" aria-live=\"polite\" aria-atomic=\"true\"><\/p> <ul><\/ul><\/div>\n<form action=\"\/fr\/wp-json\/wp\/v2\/pages\/755#wpcf7-f759-o1\" method=\"post\" class=\"wpcf7-form init\" aria-label=\"Modulo di contatto\" novalidate=\"novalidate\" data-status=\"init\">\n<fieldset class=\"hidden-fields-container\"><input type=\"hidden\" name=\"_wpcf7\" value=\"759\" \/><input type=\"hidden\" name=\"_wpcf7_version\" value=\"6.1.1\" \/><input type=\"hidden\" name=\"_wpcf7_locale\" value=\"it_IT\" \/><input type=\"hidden\" name=\"_wpcf7_unit_tag\" value=\"wpcf7-f759-o1\" \/><input type=\"hidden\" name=\"_wpcf7_container_post\" value=\"0\" \/><input type=\"hidden\" name=\"_wpcf7_posted_data_hash\" value=\"\" \/>\n<\/fieldset>\n<p><label> Pr\u00e9nom<br \/>\n<span class=\"wpcf7-form-control-wrap\" data-name=\"your-name\"><input size=\"40\" maxlength=\"400\" class=\"wpcf7-form-control wpcf7-text wpcf7-validates-as-required\" autocomplete=\"name\" aria-required=\"true\" aria-invalid=\"false\" value=\"\" type=\"text\" name=\"your-name\" \/><\/span> <\/label>\n<\/p>\n<p><label> Email<br \/>\n<span class=\"wpcf7-form-control-wrap\" data-name=\"your-email\"><input size=\"40\" maxlength=\"400\" class=\"wpcf7-form-control wpcf7-email wpcf7-validates-as-required wpcf7-text wpcf7-validates-as-email\" autocomplete=\"email\" aria-required=\"true\" aria-invalid=\"false\" value=\"\" type=\"email\" name=\"your-email\" \/><\/span> <\/label>\n<\/p>\n<p><label> Message<br \/>\n<span class=\"wpcf7-form-control-wrap\" data-name=\"your-message\"><textarea cols=\"40\" rows=\"10\" maxlength=\"2000\" class=\"wpcf7-form-control wpcf7-textarea wpcf7-validates-as-required\" aria-required=\"true\" aria-invalid=\"false\" name=\"your-message\"><\/textarea><\/span> <\/label>\n<\/p>\n<p><input class=\"wpcf7-form-control wpcf7-submit has-spinner\" type=\"submit\" value=\"Soumettre\" \/>\n<\/p><div class=\"wpcf7-response-output\" aria-hidden=\"true\"><\/div>\n<\/form>\n<\/div>\n\n\n\n\n<div class=\"wp-block-cover alignfull ticss-19d2076b\"><span aria-hidden=\"true\" class=\"wp-block-cover__background has-background-dim-100 has-background-dim\" style=\"background-color:#0c71c3\"><\/span><div class=\"wp-block-cover__inner-container is-layout-flow wp-block-cover-is-layout-flow\">\n<p class=\"has-text-align-center\" style=\"font-size:26px\">\u00ab Comment enfiler une aiguille facilement et rapidement? Avec la petite machine enfile-aiguille, gr\u00e2ce \u00e0 cet objet tr\u00e8s utile, vous pourrez enfiler une aiguille m\u00eame les yeux ferm\u00e9s!!!! \u00bb<\/p>\n\n\n\n<div class=\"wp-block-buttons is-layout-flex wp-block-buttons-is-layout-flex\"><\/div>\n<\/div><\/div>\n","protected":false},"excerpt":{"rendered":"<p>Profil de l\u2019Entreprise La soci\u00e9t\u00e9 Urania se distingue dans le panorama des march\u00e9s italiens et \u00e9trangers en produisant enfileur de machines, ainsi que divers articles en plastique pour des solutions pratiques et originales. Urania, avec la propre installation et \u00e9quipement, il con\u00e7oit et il produit dans son usine la collection de petites machines enfile aiguilles [&hellip;]<\/p>\n","protected":false},"author":1,"featured_media":0,"parent":0,"menu_order":0,"comment_status":"closed","ping_status":"closed","template":"","meta":{"site-sidebar-layout":"default","site-content-layout":"","ast-site-content-layout":"default","site-content-style":"default","site-sidebar-style":"default","ast-global-header-display":"","ast-banner-title-visibility":"","ast-main-header-display":"","ast-hfb-above-header-display":"","ast-hfb-below-header-display":"","ast-hfb-mobile-header-display":"","site-post-title":"disabled","ast-breadcrumbs-content":"","ast-featured-img":"","footer-sml-layout":"","theme-transparent-header-meta":"","adv-header-id-meta":"","stick-header-meta":"","header-above-stick-meta":"","header-main-stick-meta":"","header-below-stick-meta":"","astra-migrate-meta-layouts":"default","ast-page-background-enabled":"default","ast-page-background-meta":{"desktop":{"background-color":"var(--ast-global-color-4)","background-image":"","background-repeat":"repeat","background-position":"center center","background-size":"auto","background-attachment":"scroll","background-type":"","background-media":"","overlay-type":"","overlay-color":"","overlay-opacity":"","overlay-gradient":""},"tablet":{"background-color":"","background-image":"","background-repeat":"repeat","background-position":"center center","background-size":"auto","background-attachment":"scroll","background-type":"","background-media":"","overlay-type":"","overlay-color":"","overlay-opacity":"","overlay-gradient":""},"mobile":{"background-color":"","background-image":"","background-repeat":"repeat","background-position":"center center","background-size":"auto","background-attachment":"scroll","background-type":"","background-media":"","overlay-type":"","overlay-color":"","overlay-opacity":"","overlay-gradient":""}},"ast-content-background-meta":{"desktop":{"background-color":"var(--ast-global-color-5)","background-image":"","background-repeat":"repeat","background-position":"center center","background-size":"auto","background-attachment":"scroll","background-type":"","background-media":"","overlay-type":"","overlay-color":"","overlay-opacity":"","overlay-gradient":""},"tablet":{"background-color":"var(--ast-global-color-5)","background-image":"","background-repeat":"repeat","background-position":"center center","background-size":"auto","background-attachment":"scroll","background-type":"","background-media":"","overlay-type":"","overlay-color":"","overlay-opacity":"","overlay-gradient":""},"mobile":{"background-color":"var(--ast-global-color-5)","background-image":"","background-repeat":"repeat","background-position":"center center","background-size":"auto","background-attachment":"scroll","background-type":"","background-media":"","overlay-type":"","overlay-color":"","overlay-opacity":"","overlay-gradient":""}},"footnotes":""},"class_list":["post-755","page","type-page","status-publish","hentry"],"_links":{"self":[{"href":"https:\/\/www.martinellifenzo.com\/fr\/wp-json\/wp\/v2\/pages\/755","targetHints":{"allow":["GET"]}}],"collection":[{"href":"https:\/\/www.martinellifenzo.com\/fr\/wp-json\/wp\/v2\/pages"}],"about":[{"href":"https:\/\/www.martinellifenzo.com\/fr\/wp-json\/wp\/v2\/types\/page"}],"author":[{"embeddable":true,"href":"https:\/\/www.martinellifenzo.com\/fr\/wp-json\/wp\/v2\/users\/1"}],"replies":[{"embeddable":true,"href":"https:\/\/www.martinellifenzo.com\/fr\/wp-json\/wp\/v2\/comments?post=755"}],"version-history":[{"count":3,"href":"https:\/\/www.martinellifenzo.com\/fr\/wp-json\/wp\/v2\/pages\/755\/revisions"}],"predecessor-version":[{"id":820,"href":"https:\/\/www.martinellifenzo.com\/fr\/wp-json\/wp\/v2\/pages\/755\/revisions\/820"}],"wp:attachment":[{"href":"https:\/\/www.martinellifenzo.com\/fr\/wp-json\/wp\/v2\/media?parent=755"}],"curies":[{"name":"wp","href":"https:\/\/api.w.org\/{rel}","templated":true}]}}