{"id":705,"date":"2023-01-25T11:22:04","date_gmt":"2023-01-25T11:22:04","guid":{"rendered":"http:\/\/www.martinellifenzo.com\/elite\/"},"modified":"2023-01-25T18:02:53","modified_gmt":"2023-01-25T18:02:53","slug":"elite","status":"publish","type":"page","link":"https:\/\/www.martinellifenzo.com\/fr\/elite\/","title":{"rendered":"Elite"},"content":{"rendered":"\n<h2 class=\"wp-block-heading\">\u201cElite\u201d enfile-aiguille automatique<\/h2>\n\n\n\n<p>ELITE est la petite machine <strong>enfile aguille avec un seul canal pour les aiguilles de couture normale<\/strong>, avec ELITE vous pouvez mettre toutes les aiguilles en un instant: placez le fil, appuyez sur le bouton, tirez \u2026 et le jeu est fait !<\/p>\n\n\n\n<p>Un produit alors que <strong>fera cette op\u00e9ration facile et rapide<\/strong>, m\u00eame pour les personnes qui ont une d\u00e9ficience visuelle, les personnes handicap\u00e9es et les personnes \u00e2g\u00e9es, en g\u00e9n\u00e9ral, parmi nos clients il y a en fait diverses associations qui traitent avec des personnes \u00e2g\u00e9es et de questions de handicap diff\u00e9rentes.<\/p>\n\n\n\n<p>L\u2019enfileur Elite et le tr\u00e8s semblable Blu Elite sont des objets qui peuvent faire une r\u00e9elle diff\u00e9rence dans la vie et au travail de beaucoup de gens, ici-bas les s\u00e9quences qui montrent son facile utilisation:<\/p>\n\n\n\n<h5 class=\"wp-block-heading\">Comment marche Elite:<\/h5>\n\n\n\n<figure class=\"wp-block-image aligncenter size-full\"><img loading=\"lazy\" decoding=\"async\" width=\"672\" height=\"356\" src=\"http:\/\/www.martinellifenzo.com\/wp-content\/uploads\/2023\/01\/esempio.jpg\" alt=\"\" class=\"wp-image-629\" srcset=\"https:\/\/www.martinellifenzo.com\/wp-content\/uploads\/2023\/01\/esempio.jpg 672w, https:\/\/www.martinellifenzo.com\/wp-content\/uploads\/2023\/01\/esempio-300x159.jpg 300w\" sizes=\"auto, (max-width: 672px) 100vw, 672px\" \/><\/figure>\n\n\n\n<h6 class=\"wp-block-heading\">Emballage<\/h6>\n\n\n\n<figure class=\"wp-block-image aligncenter size-full\"><img loading=\"lazy\" decoding=\"async\" width=\"200\" height=\"288\" src=\"http:\/\/www.martinellifenzo.com\/wp-content\/uploads\/2023\/01\/Elite-Confezione-Blister-2.jpg\" alt=\"\" class=\"wp-image-634\"\/><\/figure>\n\n\n\n<div style=\"height:42px\" aria-hidden=\"true\" class=\"wp-block-spacer\"><\/div>\n","protected":false},"excerpt":{"rendered":"<p>\u201cElite\u201d enfile-aiguille automatique ELITE est la petite machine enfile aguille avec un seul canal pour les aiguilles de couture normale, avec ELITE vous pouvez mettre toutes les aiguilles en un instant: placez le fil, appuyez sur le bouton, tirez \u2026 et le jeu est fait ! Un produit alors que fera cette op\u00e9ration facile et [&hellip;]<\/p>\n","protected":false},"author":1,"featured_media":0,"parent":0,"menu_order":0,"comment_status":"closed","ping_status":"closed","template":"","meta":{"site-sidebar-layout":"default","site-content-layout":"","ast-site-content-layout":"default","site-content-style":"default","site-sidebar-style":"default","ast-global-header-display":"","ast-banner-title-visibility":"","ast-main-header-display":"","ast-hfb-above-header-display":"","ast-hfb-below-header-display":"","ast-hfb-mobile-header-display":"","site-post-title":"disabled","ast-breadcrumbs-content":"","ast-featured-img":"","footer-sml-layout":"","theme-transparent-header-meta":"","adv-header-id-meta":"","stick-header-meta":"","header-above-stick-meta":"","header-main-stick-meta":"","header-below-stick-meta":"","astra-migrate-meta-layouts":"default","ast-page-background-enabled":"default","ast-page-background-meta":{"desktop":{"background-color":"var(--ast-global-color-4)","background-image":"","background-repeat":"repeat","background-position":"center center","background-size":"auto","background-attachment":"scroll","background-type":"","background-media":"","overlay-type":"","overlay-color":"","overlay-opacity":"","overlay-gradient":""},"tablet":{"background-color":"","background-image":"","background-repeat":"repeat","background-position":"center center","background-size":"auto","background-attachment":"scroll","background-type":"","background-media":"","overlay-type":"","overlay-color":"","overlay-opacity":"","overlay-gradient":""},"mobile":{"background-color":"","background-image":"","background-repeat":"repeat","background-position":"center center","background-size":"auto","background-attachment":"scroll","background-type":"","background-media":"","overlay-type":"","overlay-color":"","overlay-opacity":"","overlay-gradient":""}},"ast-content-background-meta":{"desktop":{"background-color":"var(--ast-global-color-5)","background-image":"","background-repeat":"repeat","background-position":"center center","background-size":"auto","background-attachment":"scroll","background-type":"","background-media":"","overlay-type":"","overlay-color":"","overlay-opacity":"","overlay-gradient":""},"tablet":{"background-color":"var(--ast-global-color-5)","background-image":"","background-repeat":"repeat","background-position":"center center","background-size":"auto","background-attachment":"scroll","background-type":"","background-media":"","overlay-type":"","overlay-color":"","overlay-opacity":"","overlay-gradient":""},"mobile":{"background-color":"var(--ast-global-color-5)","background-image":"","background-repeat":"repeat","background-position":"center center","background-size":"auto","background-attachment":"scroll","background-type":"","background-media":"","overlay-type":"","overlay-color":"","overlay-opacity":"","overlay-gradient":""}},"footnotes":""},"class_list":["post-705","page","type-page","status-publish","hentry"],"_links":{"self":[{"href":"https:\/\/www.martinellifenzo.com\/fr\/wp-json\/wp\/v2\/pages\/705","targetHints":{"allow":["GET"]}}],"collection":[{"href":"https:\/\/www.martinellifenzo.com\/fr\/wp-json\/wp\/v2\/pages"}],"about":[{"href":"https:\/\/www.martinellifenzo.com\/fr\/wp-json\/wp\/v2\/types\/page"}],"author":[{"embeddable":true,"href":"https:\/\/www.martinellifenzo.com\/fr\/wp-json\/wp\/v2\/users\/1"}],"replies":[{"embeddable":true,"href":"https:\/\/www.martinellifenzo.com\/fr\/wp-json\/wp\/v2\/comments?post=705"}],"version-history":[{"count":1,"href":"https:\/\/www.martinellifenzo.com\/fr\/wp-json\/wp\/v2\/pages\/705\/revisions"}],"predecessor-version":[{"id":710,"href":"https:\/\/www.martinellifenzo.com\/fr\/wp-json\/wp\/v2\/pages\/705\/revisions\/710"}],"wp:attachment":[{"href":"https:\/\/www.martinellifenzo.com\/fr\/wp-json\/wp\/v2\/media?parent=705"}],"curies":[{"name":"wp","href":"https:\/\/api.w.org\/{rel}","templated":true}]}}