{"id":687,"date":"2023-01-24T12:25:35","date_gmt":"2023-01-24T12:25:35","guid":{"rendered":"http:\/\/www.martinellifenzo.com\/blue-elite\/"},"modified":"2023-01-25T17:54:58","modified_gmt":"2023-01-25T17:54:58","slug":"blue-elite","status":"publish","type":"page","link":"https:\/\/www.martinellifenzo.com\/fr\/blue-elite\/","title":{"rendered":"Blue-elite"},"content":{"rendered":"\n<h2 class=\"wp-block-heading\">\u201cBlu Elite\u201d enfile-aiguille automatique<\/h2>\n\n\n\n<p>BLEU ELITE est la petite machine enfile aguille avec un <strong>canal unique pour tous les types d\u2019aiguilles<\/strong> \u00e0 coudre aussi pour ceux minces et diff\u00e8re de l\u2019Elite pour la pr\u00e9sence d\u2019une base solide en plastique qui le rend encore plus facile son utilisation.<\/p>\n\n\n\n<p>L\u2019enfileur Blue Elite deviendra le meilleur compagnon pour tous ceux qui ont des difficult\u00e9s physiques qui emp\u00eachent d\u2019enfiler les aiguilles normalement, ou pour tous ceux qui veulent acc\u00e9l\u00e9rer ces op\u00e9rations.<\/p>\n\n\n\n<p>Avec BLE ELITE en effet, vous pourrez <strong>enfiler toutes les aiguilles en un instant<\/strong>: placez le fil, appuyez sur le bouton, tirez \u2026 et vous avez termin\u00e9!<\/p>\n\n\n\n<div style=\"height:36px\" aria-hidden=\"true\" class=\"wp-block-spacer\"><\/div>\n\n\n\n<h5 class=\"wp-block-heading\">Comment marche Blu Elite:<\/h5>\n\n\n\n<figure class=\"wp-block-image aligncenter size-full\"><img loading=\"lazy\" decoding=\"async\" width=\"670\" height=\"353\" src=\"http:\/\/www.martinellifenzo.com\/wp-content\/uploads\/2023\/01\/funziona-blue-elite.jpg\" alt=\"\" class=\"wp-image-599\" srcset=\"https:\/\/www.martinellifenzo.com\/wp-content\/uploads\/2023\/01\/funziona-blue-elite.jpg 670w, https:\/\/www.martinellifenzo.com\/wp-content\/uploads\/2023\/01\/funziona-blue-elite-300x158.jpg 300w\" sizes=\"auto, (max-width: 670px) 100vw, 670px\" \/><\/figure>\n\n\n\n<h5 class=\"wp-block-heading\">Emballages:<\/h5>\n\n\n\n<div class=\"wp-block-columns is-layout-flex wp-container-core-columns-is-layout-28f84493 wp-block-columns-is-layout-flex\">\n<div class=\"wp-block-column is-layout-flow wp-block-column-is-layout-flow\">\n<figure class=\"wp-block-image aligncenter size-full is-resized\"><img loading=\"lazy\" decoding=\"async\" src=\"http:\/\/www.martinellifenzo.com\/wp-content\/uploads\/2023\/01\/blu-elite-skin-pack-2.png\" alt=\"\" class=\"wp-image-606\" width=\"205\" height=\"256\"\/><figcaption class=\"wp-element-caption\"><br>Emballage Skin Pack<\/figcaption><\/figure>\n<\/div>\n\n\n\n<div class=\"wp-block-column is-layout-flow wp-block-column-is-layout-flow\">\n<figure class=\"wp-block-image aligncenter size-full\"><img loading=\"lazy\" decoding=\"async\" width=\"180\" height=\"275\" src=\"http:\/\/www.martinellifenzo.com\/wp-content\/uploads\/2023\/01\/blu-elite-confezione-con-base-t2.png\" alt=\"\" class=\"wp-image-611\"\/><figcaption class=\"wp-element-caption\">Bo\u00eete Transparente<\/figcaption><\/figure>\n<\/div>\n<\/div>\n\n\n\n<figure class=\"wp-block-image aligncenter size-full\"><img loading=\"lazy\" decoding=\"async\" width=\"235\" height=\"243\" src=\"http:\/\/www.martinellifenzo.com\/wp-content\/uploads\/2023\/01\/Blu-Elite-con-Base.png\" alt=\"\" class=\"wp-image-617\"\/><figcaption class=\"wp-element-caption\">Blu Elite avec Base<\/figcaption><\/figure>\n","protected":false},"excerpt":{"rendered":"<p>\u201cBlu Elite\u201d enfile-aiguille automatique BLEU ELITE est la petite machine enfile aguille avec un canal unique pour tous les types d\u2019aiguilles \u00e0 coudre aussi pour ceux minces et diff\u00e8re de l\u2019Elite pour la pr\u00e9sence d\u2019une base solide en plastique qui le rend encore plus facile son utilisation. L\u2019enfileur Blue Elite deviendra le meilleur compagnon pour [&hellip;]<\/p>\n","protected":false},"author":1,"featured_media":0,"parent":0,"menu_order":0,"comment_status":"closed","ping_status":"closed","template":"","meta":{"site-sidebar-layout":"default","site-content-layout":"","ast-site-content-layout":"default","site-content-style":"default","site-sidebar-style":"default","ast-global-header-display":"","ast-banner-title-visibility":"","ast-main-header-display":"","ast-hfb-above-header-display":"","ast-hfb-below-header-display":"","ast-hfb-mobile-header-display":"","site-post-title":"disabled","ast-breadcrumbs-content":"","ast-featured-img":"","footer-sml-layout":"","theme-transparent-header-meta":"","adv-header-id-meta":"","stick-header-meta":"","header-above-stick-meta":"","header-main-stick-meta":"","header-below-stick-meta":"","astra-migrate-meta-layouts":"default","ast-page-background-enabled":"default","ast-page-background-meta":{"desktop":{"background-color":"var(--ast-global-color-4)","background-image":"","background-repeat":"repeat","background-position":"center center","background-size":"auto","background-attachment":"scroll","background-type":"","background-media":"","overlay-type":"","overlay-color":"","overlay-opacity":"","overlay-gradient":""},"tablet":{"background-color":"","background-image":"","background-repeat":"repeat","background-position":"center center","background-size":"auto","background-attachment":"scroll","background-type":"","background-media":"","overlay-type":"","overlay-color":"","overlay-opacity":"","overlay-gradient":""},"mobile":{"background-color":"","background-image":"","background-repeat":"repeat","background-position":"center center","background-size":"auto","background-attachment":"scroll","background-type":"","background-media":"","overlay-type":"","overlay-color":"","overlay-opacity":"","overlay-gradient":""}},"ast-content-background-meta":{"desktop":{"background-color":"var(--ast-global-color-5)","background-image":"","background-repeat":"repeat","background-position":"center center","background-size":"auto","background-attachment":"scroll","background-type":"","background-media":"","overlay-type":"","overlay-color":"","overlay-opacity":"","overlay-gradient":""},"tablet":{"background-color":"var(--ast-global-color-5)","background-image":"","background-repeat":"repeat","background-position":"center center","background-size":"auto","background-attachment":"scroll","background-type":"","background-media":"","overlay-type":"","overlay-color":"","overlay-opacity":"","overlay-gradient":""},"mobile":{"background-color":"var(--ast-global-color-5)","background-image":"","background-repeat":"repeat","background-position":"center center","background-size":"auto","background-attachment":"scroll","background-type":"","background-media":"","overlay-type":"","overlay-color":"","overlay-opacity":"","overlay-gradient":""}},"footnotes":""},"class_list":["post-687","page","type-page","status-publish","hentry"],"_links":{"self":[{"href":"https:\/\/www.martinellifenzo.com\/fr\/wp-json\/wp\/v2\/pages\/687","targetHints":{"allow":["GET"]}}],"collection":[{"href":"https:\/\/www.martinellifenzo.com\/fr\/wp-json\/wp\/v2\/pages"}],"about":[{"href":"https:\/\/www.martinellifenzo.com\/fr\/wp-json\/wp\/v2\/types\/page"}],"author":[{"embeddable":true,"href":"https:\/\/www.martinellifenzo.com\/fr\/wp-json\/wp\/v2\/users\/1"}],"replies":[{"embeddable":true,"href":"https:\/\/www.martinellifenzo.com\/fr\/wp-json\/wp\/v2\/comments?post=687"}],"version-history":[{"count":2,"href":"https:\/\/www.martinellifenzo.com\/fr\/wp-json\/wp\/v2\/pages\/687\/revisions"}],"predecessor-version":[{"id":702,"href":"https:\/\/www.martinellifenzo.com\/fr\/wp-json\/wp\/v2\/pages\/687\/revisions\/702"}],"wp:attachment":[{"href":"https:\/\/www.martinellifenzo.com\/fr\/wp-json\/wp\/v2\/media?parent=687"}],"curies":[{"name":"wp","href":"https:\/\/api.w.org\/{rel}","templated":true}]}}