{"id":671,"date":"2023-01-24T11:22:47","date_gmt":"2023-01-24T11:22:47","guid":{"rendered":"http:\/\/www.martinellifenzo.com\/ez-in\/"},"modified":"2023-01-25T16:01:09","modified_gmt":"2023-01-25T16:01:09","slug":"ez-in","status":"publish","type":"page","link":"https:\/\/www.martinellifenzo.com\/fr\/ez-in\/","title":{"rendered":"Ez-In"},"content":{"rendered":"\n<figure class=\"wp-block-video\"><video height=\"720\" style=\"aspect-ratio: 1280 \/ 720;\" width=\"1280\" controls loop poster=\"http:\/\/www.martinellifenzo.com\/wp-content\/uploads\/2023\/01\/snapshot-ezin.png\" src=\"http:\/\/www.martinellifenzo.com\/wp-content\/uploads\/2023\/01\/ez-in.mp4\"><\/video><\/figure>\n\n\n\n<h2 class=\"wp-block-heading\">\u201cEz In\u201d enfile-aiguille pour Machines \u00e0 Coudre<\/h2>\n\n\n\n<p>EZ IN est la petite machine <strong>enfileur d\u2019aguilles les pour machine \u00e0 coudre<\/strong>; EZ IN vous pouvez enfiler toutes les machines \u00e0 coudre en un \u00e9clair: placez le fil, appuyez sur le bouton, tirer \u2026 et vous avez termin\u00e9!<\/p>\n\n\n\n<p>Un outil donc essentiel pour tous ceux qui veulent <strong>acc\u00e9l\u00e9rer un grand nombre de ces op\u00e9rations<\/strong>, con\u00e7u sp\u00e9cialement pour ceux qui ont une entreprise avec des machines diff\u00e9rentes et qui a besoin de r\u00e9duire syst\u00e9matiquement les temps de production.<\/p>\n\n\n\n<p>N\u00e9anmoins EZ IN est \u00e9galement adapt\u00e9 pour les clients qui vendent articles pour la maison, cadeau, Tricoter, grands magasins, grossistes de gadget, etc\u2026<\/p>\n\n\n\n<h6 class=\"wp-block-heading\">Emballage:<\/h6>\n\n\n\n<div class=\"wp-block-columns is-layout-flex wp-container-core-columns-is-layout-28f84493 wp-block-columns-is-layout-flex\">\n<div class=\"wp-block-column is-layout-flow wp-block-column-is-layout-flow\">\n<figure class=\"wp-block-image aligncenter size-full\"><img loading=\"lazy\" decoding=\"async\" width=\"650\" height=\"960\" src=\"http:\/\/www.martinellifenzo.com\/wp-content\/uploads\/2023\/01\/ez-in-infila-aghi-macchina-da-cucire.png\" alt=\"\" class=\"wp-image-571\" srcset=\"https:\/\/www.martinellifenzo.com\/wp-content\/uploads\/2023\/01\/ez-in-infila-aghi-macchina-da-cucire.png 650w, https:\/\/www.martinellifenzo.com\/wp-content\/uploads\/2023\/01\/ez-in-infila-aghi-macchina-da-cucire-203x300.png 203w\" sizes=\"auto, (max-width: 650px) 100vw, 650px\" \/><figcaption class=\"wp-element-caption\">Emballage Skin Pack<\/figcaption><\/figure>\n<\/div>\n\n\n\n<div class=\"wp-block-column is-layout-flow wp-block-column-is-layout-flow\">\n<figure class=\"wp-block-image aligncenter size-full\"><img loading=\"lazy\" decoding=\"async\" width=\"365\" height=\"120\" src=\"http:\/\/www.martinellifenzo.com\/wp-content\/uploads\/2023\/01\/ez-in-macchina-da-cucire.png\" alt=\"\" class=\"wp-image-578\" srcset=\"https:\/\/www.martinellifenzo.com\/wp-content\/uploads\/2023\/01\/ez-in-macchina-da-cucire.png 365w, https:\/\/www.martinellifenzo.com\/wp-content\/uploads\/2023\/01\/ez-in-macchina-da-cucire-300x99.png 300w\" sizes=\"auto, (max-width: 365px) 100vw, 365px\" \/><figcaption class=\"wp-element-caption\">Ez In Machines \u00e0 Coudre<\/figcaption><\/figure>\n<\/div>\n<\/div>\n\n\n\n<div style=\"height:28px\" aria-hidden=\"true\" class=\"wp-block-spacer\"><\/div>\n","protected":false},"excerpt":{"rendered":"<p>\u201cEz In\u201d enfile-aiguille pour Machines \u00e0 Coudre EZ IN est la petite machine enfileur d\u2019aguilles les pour machine \u00e0 coudre; EZ IN vous pouvez enfiler toutes les machines \u00e0 coudre en un \u00e9clair: placez le fil, appuyez sur le bouton, tirer \u2026 et vous avez termin\u00e9! Un outil donc essentiel pour tous ceux qui veulent [&hellip;]<\/p>\n","protected":false},"author":1,"featured_media":0,"parent":0,"menu_order":0,"comment_status":"closed","ping_status":"closed","template":"","meta":{"site-sidebar-layout":"default","site-content-layout":"","ast-site-content-layout":"default","site-content-style":"default","site-sidebar-style":"default","ast-global-header-display":"","ast-banner-title-visibility":"","ast-main-header-display":"","ast-hfb-above-header-display":"","ast-hfb-below-header-display":"","ast-hfb-mobile-header-display":"","site-post-title":"disabled","ast-breadcrumbs-content":"","ast-featured-img":"","footer-sml-layout":"","theme-transparent-header-meta":"","adv-header-id-meta":"","stick-header-meta":"","header-above-stick-meta":"","header-main-stick-meta":"","header-below-stick-meta":"","astra-migrate-meta-layouts":"default","ast-page-background-enabled":"default","ast-page-background-meta":{"desktop":{"background-color":"var(--ast-global-color-4)","background-image":"","background-repeat":"repeat","background-position":"center center","background-size":"auto","background-attachment":"scroll","background-type":"","background-media":"","overlay-type":"","overlay-color":"","overlay-opacity":"","overlay-gradient":""},"tablet":{"background-color":"","background-image":"","background-repeat":"repeat","background-position":"center center","background-size":"auto","background-attachment":"scroll","background-type":"","background-media":"","overlay-type":"","overlay-color":"","overlay-opacity":"","overlay-gradient":""},"mobile":{"background-color":"","background-image":"","background-repeat":"repeat","background-position":"center center","background-size":"auto","background-attachment":"scroll","background-type":"","background-media":"","overlay-type":"","overlay-color":"","overlay-opacity":"","overlay-gradient":""}},"ast-content-background-meta":{"desktop":{"background-color":"var(--ast-global-color-5)","background-image":"","background-repeat":"repeat","background-position":"center center","background-size":"auto","background-attachment":"scroll","background-type":"","background-media":"","overlay-type":"","overlay-color":"","overlay-opacity":"","overlay-gradient":""},"tablet":{"background-color":"var(--ast-global-color-5)","background-image":"","background-repeat":"repeat","background-position":"center center","background-size":"auto","background-attachment":"scroll","background-type":"","background-media":"","overlay-type":"","overlay-color":"","overlay-opacity":"","overlay-gradient":""},"mobile":{"background-color":"var(--ast-global-color-5)","background-image":"","background-repeat":"repeat","background-position":"center center","background-size":"auto","background-attachment":"scroll","background-type":"","background-media":"","overlay-type":"","overlay-color":"","overlay-opacity":"","overlay-gradient":""}},"footnotes":""},"class_list":["post-671","page","type-page","status-publish","hentry"],"_links":{"self":[{"href":"https:\/\/www.martinellifenzo.com\/fr\/wp-json\/wp\/v2\/pages\/671","targetHints":{"allow":["GET"]}}],"collection":[{"href":"https:\/\/www.martinellifenzo.com\/fr\/wp-json\/wp\/v2\/pages"}],"about":[{"href":"https:\/\/www.martinellifenzo.com\/fr\/wp-json\/wp\/v2\/types\/page"}],"author":[{"embeddable":true,"href":"https:\/\/www.martinellifenzo.com\/fr\/wp-json\/wp\/v2\/users\/1"}],"replies":[{"embeddable":true,"href":"https:\/\/www.martinellifenzo.com\/fr\/wp-json\/wp\/v2\/comments?post=671"}],"version-history":[{"count":1,"href":"https:\/\/www.martinellifenzo.com\/fr\/wp-json\/wp\/v2\/pages\/671\/revisions"}],"predecessor-version":[{"id":677,"href":"https:\/\/www.martinellifenzo.com\/fr\/wp-json\/wp\/v2\/pages\/671\/revisions\/677"}],"wp:attachment":[{"href":"https:\/\/www.martinellifenzo.com\/fr\/wp-json\/wp\/v2\/media?parent=671"}],"curies":[{"name":"wp","href":"https:\/\/api.w.org\/{rel}","templated":true}]}}