{"id":482,"date":"2023-01-23T09:26:17","date_gmt":"2023-01-23T09:26:17","guid":{"rendered":"http:\/\/www.martinellifenzo.com\/l-unico\/"},"modified":"2023-01-23T09:50:00","modified_gmt":"2023-01-23T09:50:00","slug":"l-unico","status":"publish","type":"page","link":"https:\/\/www.martinellifenzo.com\/fr\/l-unico\/","title":{"rendered":"L&rsquo;unico"},"content":{"rendered":"\n<figure class=\"wp-block-embed is-type-video is-provider-youtube wp-block-embed-youtube wp-embed-aspect-16-9 wp-has-aspect-ratio\"><div class=\"wp-block-embed__wrapper\">\n<div class=\"ast-oembed-container \" style=\"height: 100%;\"><iframe loading=\"lazy\" title=\"Saca Rolhas Automatico L&#039;Unico.flv\" width=\"500\" height=\"281\" src=\"https:\/\/www.youtube.com\/embed\/zhCPw-32oME?feature=oembed\" frameborder=\"0\" allow=\"accelerometer; autoplay; clipboard-write; encrypted-media; gyroscope; picture-in-picture; web-share\" referrerpolicy=\"strict-origin-when-cross-origin\" allowfullscreen><\/iframe><\/div>\n<\/div><\/figure>\n\n\n\n<h2 class=\"wp-block-heading\">\u00ab\u00a0L\u2019Unico\u00a0\u00bb tire-bouchon<\/h2>\n\n\n<div class=\"et_pb_text et_pb_module et_pb_bg_layout_light et_pb_text_align_left  et_pb_text_1\">\n<div class=\"et_pb_text et_pb_module et_pb_bg_layout_light et_pb_text_align_left  et_pb_text_1\">\n<p>L\u2019UNICO est le <strong>tire-bouchon automatique<\/strong> s\u00fbre et pratique, \u00e9l\u00e9gant dans sa mati\u00e8re plastique dans de nombreux coloris, d\u00e9monstration de design innovant. Facile \u00e0 utiliser: il suffit de tourner le bouton dans le sens horaire et le bouchon sort le tir sans effort!<\/p>\n<p>Le tire-bouchon UNICO est donc un <strong>objet tr\u00e8s pratique et facile \u00e0 utiliser<\/strong>, objet id\u00e9al, m\u00eame pour faire un cadeau sympa et utile aux amis et a la famille, un accessoire qui se pr\u00eate particuli\u00e8rement bien \u00e0 \u00eatre expos\u00e9 \u00e0 la ventes en gros et magasins de articles pour la maison, grossistes de produits gadgets et articles de cadeaux et encore plus.<\/p>\n<p>Disponible en emballages transparents simples, sur demande les exposants color\u00e9s et attrayants seront \u00e9galement envoy\u00e9s, regardez dans la vid\u00e9o comment il est facile \u00e0 utiliser!<\/p>\n<\/div>\n<\/div>\n\n\n<div class=\"wp-block-columns is-layout-flex wp-container-core-columns-is-layout-28f84493 wp-block-columns-is-layout-flex\">\n<div class=\"wp-block-column is-layout-flow wp-block-column-is-layout-flow\">\n<figure class=\"wp-block-image aligncenter size-full\"><img loading=\"lazy\" decoding=\"async\" width=\"419\" height=\"659\" src=\"http:\/\/www.martinellifenzo.com\/wp-content\/uploads\/2023\/01\/unico-confezione-singola.png\" alt=\"\" class=\"wp-image-470\" srcset=\"https:\/\/www.martinellifenzo.com\/wp-content\/uploads\/2023\/01\/unico-confezione-singola.png 419w, https:\/\/www.martinellifenzo.com\/wp-content\/uploads\/2023\/01\/unico-confezione-singola-191x300.png 191w\" sizes=\"auto, (max-width: 419px) 100vw, 419px\" \/><figcaption class=\"wp-element-caption\">L Unico Seul Paquet<\/figcaption><\/figure>\n<\/div>\n\n\n\n<div class=\"wp-block-column is-layout-flow wp-block-column-is-layout-flow\">\n<figure class=\"wp-block-image aligncenter size-full\"><img loading=\"lazy\" decoding=\"async\" width=\"373\" height=\"400\" src=\"http:\/\/www.martinellifenzo.com\/wp-content\/uploads\/2023\/01\/L-Unico-Confezione-Espositore.png\" alt=\"\" class=\"wp-image-475\" srcset=\"https:\/\/www.martinellifenzo.com\/wp-content\/uploads\/2023\/01\/L-Unico-Confezione-Espositore.png 373w, https:\/\/www.martinellifenzo.com\/wp-content\/uploads\/2023\/01\/L-Unico-Confezione-Espositore-280x300.png 280w\" sizes=\"auto, (max-width: 373px) 100vw, 373px\" \/><figcaption class=\"wp-element-caption\">Emballage Exposant<\/figcaption><\/figure>\n<\/div>\n<\/div>\n\n\n<p style=\"text-align: center;\">* Panneaux publicitaires sont disponibles sur demande. Sont livr\u00e9s vides \u00e0 assembler.<br \/>(Image uniquement \u00e0 des fins de d\u00e9monstration)<\/p>","protected":false},"excerpt":{"rendered":"<p>\u00ab\u00a0L\u2019Unico\u00a0\u00bb tire-bouchon L\u2019UNICO est le tire-bouchon automatique s\u00fbre et pratique, \u00e9l\u00e9gant dans sa mati\u00e8re plastique dans de nombreux coloris, d\u00e9monstration de design innovant. Facile \u00e0 utiliser: il suffit de tourner le bouton dans le sens horaire et le bouchon sort le tir sans effort! Le tire-bouchon UNICO est donc un objet tr\u00e8s pratique et facile [&hellip;]<\/p>\n","protected":false},"author":3,"featured_media":0,"parent":0,"menu_order":0,"comment_status":"closed","ping_status":"closed","template":"","meta":{"site-sidebar-layout":"default","site-content-layout":"","ast-site-content-layout":"default","site-content-style":"default","site-sidebar-style":"default","ast-global-header-display":"","ast-banner-title-visibility":"","ast-main-header-display":"","ast-hfb-above-header-display":"","ast-hfb-below-header-display":"","ast-hfb-mobile-header-display":"","site-post-title":"disabled","ast-breadcrumbs-content":"","ast-featured-img":"","footer-sml-layout":"","theme-transparent-header-meta":"","adv-header-id-meta":"","stick-header-meta":"","header-above-stick-meta":"","header-main-stick-meta":"","header-below-stick-meta":"","astra-migrate-meta-layouts":"default","ast-page-background-enabled":"default","ast-page-background-meta":{"desktop":{"background-color":"var(--ast-global-color-4)","background-image":"","background-repeat":"repeat","background-position":"center center","background-size":"auto","background-attachment":"scroll","background-type":"","background-media":"","overlay-type":"","overlay-color":"","overlay-opacity":"","overlay-gradient":""},"tablet":{"background-color":"","background-image":"","background-repeat":"repeat","background-position":"center center","background-size":"auto","background-attachment":"scroll","background-type":"","background-media":"","overlay-type":"","overlay-color":"","overlay-opacity":"","overlay-gradient":""},"mobile":{"background-color":"","background-image":"","background-repeat":"repeat","background-position":"center center","background-size":"auto","background-attachment":"scroll","background-type":"","background-media":"","overlay-type":"","overlay-color":"","overlay-opacity":"","overlay-gradient":""}},"ast-content-background-meta":{"desktop":{"background-color":"var(--ast-global-color-5)","background-image":"","background-repeat":"repeat","background-position":"center center","background-size":"auto","background-attachment":"scroll","background-type":"","background-media":"","overlay-type":"","overlay-color":"","overlay-opacity":"","overlay-gradient":""},"tablet":{"background-color":"var(--ast-global-color-5)","background-image":"","background-repeat":"repeat","background-position":"center center","background-size":"auto","background-attachment":"scroll","background-type":"","background-media":"","overlay-type":"","overlay-color":"","overlay-opacity":"","overlay-gradient":""},"mobile":{"background-color":"var(--ast-global-color-5)","background-image":"","background-repeat":"repeat","background-position":"center center","background-size":"auto","background-attachment":"scroll","background-type":"","background-media":"","overlay-type":"","overlay-color":"","overlay-opacity":"","overlay-gradient":""}},"footnotes":""},"class_list":["post-482","page","type-page","status-publish","hentry"],"_links":{"self":[{"href":"https:\/\/www.martinellifenzo.com\/fr\/wp-json\/wp\/v2\/pages\/482","targetHints":{"allow":["GET"]}}],"collection":[{"href":"https:\/\/www.martinellifenzo.com\/fr\/wp-json\/wp\/v2\/pages"}],"about":[{"href":"https:\/\/www.martinellifenzo.com\/fr\/wp-json\/wp\/v2\/types\/page"}],"author":[{"embeddable":true,"href":"https:\/\/www.martinellifenzo.com\/fr\/wp-json\/wp\/v2\/users\/3"}],"replies":[{"embeddable":true,"href":"https:\/\/www.martinellifenzo.com\/fr\/wp-json\/wp\/v2\/comments?post=482"}],"version-history":[{"count":1,"href":"https:\/\/www.martinellifenzo.com\/fr\/wp-json\/wp\/v2\/pages\/482\/revisions"}],"predecessor-version":[{"id":497,"href":"https:\/\/www.martinellifenzo.com\/fr\/wp-json\/wp\/v2\/pages\/482\/revisions\/497"}],"wp:attachment":[{"href":"https:\/\/www.martinellifenzo.com\/fr\/wp-json\/wp\/v2\/media?parent=482"}],"curies":[{"name":"wp","href":"https:\/\/api.w.org\/{rel}","templated":true}]}}