{"id":415,"date":"2023-01-23T08:20:20","date_gmt":"2023-01-23T08:20:20","guid":{"rendered":"http:\/\/www.martinellifenzo.com\/scarpi-tendiscarpe-universale\/"},"modified":"2023-01-23T08:37:12","modified_gmt":"2023-01-23T08:37:12","slug":"scarpi","status":"publish","type":"page","link":"https:\/\/www.martinellifenzo.com\/fr\/scarpi\/","title":{"rendered":"\u00ab\u00a0Scarp\u00ec\u00a0\u00bb embauchoir chaussure"},"content":{"rendered":"<div class=\"et_pb_text et_pb_module et_pb_bg_layout_light et_pb_text_align_left  et_pb_text_1\">\n<div class=\"et_pb_text et_pb_module et_pb_bg_layout_light et_pb_text_align_left  et_pb_text_1\">\n<p>SCARPI\u2019 est l<strong>\u2019embauchoir chaussures universel<\/strong> pour garder la chaussure toujours en parfait \u00e9tat, parce que chacun de nous est en g\u00e9n\u00e9ral beaucoup plus concentr\u00e9 \u00e0 traiter l\u2019ext\u00e9rieur des chaussures, puis les nettoyer, les polir et les maintenir de fa\u00e7on \u00e0 les faire ressembler toujours \u00e0 nouveau.<\/p>\n<p>Cependant, en faisant cela, nous oublions que nos <strong>chaussures doivent \u00eatre \u00e9galement trait\u00e9es \u00e0 l\u2019int\u00e9rieur<\/strong>, de telle mani\u00e8re \u00e0 ne pas lui faire perdre la forme originale qui tend plut\u00f4t \u00e0 dispara\u00eetre surtout quand elles ne sont pas port\u00e9s pendant une longue p\u00e9riode.<\/p>\n<p>L\u2019embauchoir chaussures <strong>SCARPI couvre tr\u00e8s bien ce probl\u00e8me<\/strong>, en maintenant les chaussures en pleine forme exactement comme s\u2019il y avait toujours un pied \u00e0 l\u2019int\u00e9rieur.<\/p>\n<p>En bref, si vous voulez garder vos chaussures dans le temps comme si elles \u00e9taient nouvelles, Scarp\u00ec est la solution que vous recherchez.<\/p>\n<p>SCARP\u00cd est l\u2019embauchoir chaussures universel pour <strong>maintenir la chaussure toujours en parfaite forme<\/strong>! Si vous voulez garder vos chaussures dans le temps comme si elles \u00e9taient nouvelles, Scarpi est la solution que vous cherchez.<\/p>\n<\/div>\n<div class=\"et_pb_text et_pb_module et_pb_bg_layout_light et_pb_text_align_left  et_pb_text_2\">\n<div class=\"et_pb_text et_pb_module et_pb_bg_layout_light et_pb_text_align_left  et_pb_text_2\">\n<h4>Scarp\u00ec avec baguette pour chaussures femme:<\/h4>\n<\/div>\n<\/div>\n<\/div>\n\n\n<figure class=\"wp-block-image aligncenter size-full\"><img loading=\"lazy\" decoding=\"async\" width=\"822\" height=\"459\" src=\"http:\/\/www.martinellifenzo.com\/wp-content\/uploads\/2023\/01\/scarpi.jpg\" alt=\"\" class=\"wp-image-393\" srcset=\"https:\/\/www.martinellifenzo.com\/wp-content\/uploads\/2023\/01\/scarpi.jpg 822w, https:\/\/www.martinellifenzo.com\/wp-content\/uploads\/2023\/01\/scarpi-300x168.jpg 300w, https:\/\/www.martinellifenzo.com\/wp-content\/uploads\/2023\/01\/scarpi-768x429.jpg 768w\" sizes=\"auto, (max-width: 822px) 100vw, 822px\" \/><\/figure>\n\n\n<div class=\"et_pb_text et_pb_module et_pb_bg_layout_light et_pb_text_align_left  et_pb_text_3\">\n<h4>Emballages:<\/h4>\n<\/div>\n\n\n<div class=\"wp-block-columns is-layout-flex wp-container-core-columns-is-layout-28f84493 wp-block-columns-is-layout-flex\">\n<div class=\"wp-block-column is-layout-flow wp-block-column-is-layout-flow\">\n<figure class=\"wp-block-image aligncenter size-full\"><img loading=\"lazy\" decoding=\"async\" width=\"180\" height=\"254\" src=\"http:\/\/www.martinellifenzo.com\/wp-content\/uploads\/2023\/01\/scarpi-confezione-scarpe-da-uomo2.jpg\" alt=\"\" class=\"wp-image-398\"\/><figcaption class=\"wp-element-caption\">Chaussures Homme<\/figcaption><\/figure>\n<\/div>\n\n\n\n<div class=\"wp-block-column is-layout-flow wp-block-column-is-layout-flow\">\n<figure class=\"wp-block-image aligncenter size-full\"><img loading=\"lazy\" decoding=\"async\" width=\"180\" height=\"237\" src=\"http:\/\/www.martinellifenzo.com\/wp-content\/uploads\/2023\/01\/scarpi-confezione-scarpe-da-bambino2.jpg\" alt=\"\" class=\"wp-image-403\"\/><figcaption class=\"wp-element-caption\">Chaussures Enfant<\/figcaption><\/figure>\n<\/div>\n<\/div>\n\n\n\n<div class=\"wp-block-columns is-layout-flex wp-container-core-columns-is-layout-28f84493 wp-block-columns-is-layout-flex\">\n<div class=\"wp-block-column is-layout-flow wp-block-column-is-layout-flow\">\n<figure class=\"wp-block-image aligncenter size-full\"><img loading=\"lazy\" decoding=\"async\" width=\"180\" height=\"250\" src=\"http:\/\/www.martinellifenzo.com\/wp-content\/uploads\/2023\/01\/scarpi-confezione-scarpe-da-donna2.jpg\" alt=\"\" class=\"wp-image-408\"\/><figcaption class=\"wp-element-caption\">Chaussures Femme<\/figcaption><\/figure>\n<\/div>\n\n\n\n<div class=\"wp-block-column is-layout-flow wp-block-column-is-layout-flow\">\n<div class=\"et_pb_text et_pb_module et_pb_bg_layout_light et_pb_text_align_center  et_pb_text_7\">\n<p style=\"text-align: center;\">Chaussures Ouvertes Femme<\/p>\n<\/div>\n<\/div>\n<\/div>\n","protected":false},"excerpt":{"rendered":"<p>SCARPI\u2019 est l\u2019embauchoir chaussures universel pour garder la chaussure toujours en parfait \u00e9tat, parce que chacun de nous est en g\u00e9n\u00e9ral beaucoup plus concentr\u00e9 \u00e0 traiter l\u2019ext\u00e9rieur des chaussures, puis les nettoyer, les polir et les maintenir de fa\u00e7on \u00e0 les faire ressembler toujours \u00e0 nouveau. Cependant, en faisant cela, nous oublions que nos chaussures [&hellip;]<\/p>\n","protected":false},"author":3,"featured_media":0,"parent":0,"menu_order":0,"comment_status":"closed","ping_status":"closed","template":"","meta":{"site-sidebar-layout":"default","site-content-layout":"","ast-site-content-layout":"default","site-content-style":"default","site-sidebar-style":"default","ast-global-header-display":"","ast-banner-title-visibility":"","ast-main-header-display":"","ast-hfb-above-header-display":"","ast-hfb-below-header-display":"","ast-hfb-mobile-header-display":"","site-post-title":"","ast-breadcrumbs-content":"","ast-featured-img":"","footer-sml-layout":"","theme-transparent-header-meta":"","adv-header-id-meta":"","stick-header-meta":"","header-above-stick-meta":"","header-main-stick-meta":"","header-below-stick-meta":"","astra-migrate-meta-layouts":"default","ast-page-background-enabled":"default","ast-page-background-meta":{"desktop":{"background-color":"var(--ast-global-color-4)","background-image":"","background-repeat":"repeat","background-position":"center center","background-size":"auto","background-attachment":"scroll","background-type":"","background-media":"","overlay-type":"","overlay-color":"","overlay-opacity":"","overlay-gradient":""},"tablet":{"background-color":"","background-image":"","background-repeat":"repeat","background-position":"center center","background-size":"auto","background-attachment":"scroll","background-type":"","background-media":"","overlay-type":"","overlay-color":"","overlay-opacity":"","overlay-gradient":""},"mobile":{"background-color":"","background-image":"","background-repeat":"repeat","background-position":"center center","background-size":"auto","background-attachment":"scroll","background-type":"","background-media":"","overlay-type":"","overlay-color":"","overlay-opacity":"","overlay-gradient":""}},"ast-content-background-meta":{"desktop":{"background-color":"var(--ast-global-color-5)","background-image":"","background-repeat":"repeat","background-position":"center center","background-size":"auto","background-attachment":"scroll","background-type":"","background-media":"","overlay-type":"","overlay-color":"","overlay-opacity":"","overlay-gradient":""},"tablet":{"background-color":"var(--ast-global-color-5)","background-image":"","background-repeat":"repeat","background-position":"center center","background-size":"auto","background-attachment":"scroll","background-type":"","background-media":"","overlay-type":"","overlay-color":"","overlay-opacity":"","overlay-gradient":""},"mobile":{"background-color":"var(--ast-global-color-5)","background-image":"","background-repeat":"repeat","background-position":"center center","background-size":"auto","background-attachment":"scroll","background-type":"","background-media":"","overlay-type":"","overlay-color":"","overlay-opacity":"","overlay-gradient":""}},"footnotes":""},"class_list":["post-415","page","type-page","status-publish","hentry"],"_links":{"self":[{"href":"https:\/\/www.martinellifenzo.com\/fr\/wp-json\/wp\/v2\/pages\/415","targetHints":{"allow":["GET"]}}],"collection":[{"href":"https:\/\/www.martinellifenzo.com\/fr\/wp-json\/wp\/v2\/pages"}],"about":[{"href":"https:\/\/www.martinellifenzo.com\/fr\/wp-json\/wp\/v2\/types\/page"}],"author":[{"embeddable":true,"href":"https:\/\/www.martinellifenzo.com\/fr\/wp-json\/wp\/v2\/users\/3"}],"replies":[{"embeddable":true,"href":"https:\/\/www.martinellifenzo.com\/fr\/wp-json\/wp\/v2\/comments?post=415"}],"version-history":[{"count":3,"href":"https:\/\/www.martinellifenzo.com\/fr\/wp-json\/wp\/v2\/pages\/415\/revisions"}],"predecessor-version":[{"id":437,"href":"https:\/\/www.martinellifenzo.com\/fr\/wp-json\/wp\/v2\/pages\/415\/revisions\/437"}],"wp:attachment":[{"href":"https:\/\/www.martinellifenzo.com\/fr\/wp-json\/wp\/v2\/media?parent=415"}],"curies":[{"name":"wp","href":"https:\/\/api.w.org\/{rel}","templated":true}]}}