{"id":379,"date":"2023-01-23T08:06:26","date_gmt":"2023-01-23T08:06:26","guid":{"rendered":"http:\/\/www.martinellifenzo.com\/perfecto\/"},"modified":"2023-01-23T08:09:41","modified_gmt":"2023-01-23T08:09:41","slug":"perfecto","status":"publish","type":"page","link":"https:\/\/www.martinellifenzo.com\/fr\/perfecto\/","title":{"rendered":"Perfecto"},"content":{"rendered":"\n<figure class=\"wp-block-video\"><video height=\"720\" style=\"aspect-ratio: 1280 \/ 720;\" width=\"1280\" controls loop poster=\"http:\/\/www.martinellifenzo.com\/wp-content\/uploads\/2023\/01\/snapshot-perfecto.png\" src=\"http:\/\/www.martinellifenzo.com\/wp-content\/uploads\/2023\/01\/Needle-Threader-PERFECTO-1-5.mp4\"><\/video><\/figure>\n\n\n\n<h2 class=\"wp-block-heading\">\u201cPerfecto\u201d enfile-aiguille automatique<\/h2>\n\n\n<div class=\"et_pb_text et_pb_module et_pb_bg_layout_light et_pb_text_align_left  et_pb_text_1\">\n<div class=\"et_pb_text et_pb_module et_pb_bg_layout_light et_pb_text_align_left  et_pb_text_1\">\n<p>PERFECTO est la <strong>petite machine enfile-aiguille universelle<\/strong>, pour tous les types d\u2019aiguilles, de grands \u00e0 ceux de la laine et de la broderie fine jusqu\u2019\u00e0 n. 10\/12 pour la soie.<\/p>\n<p>La caract\u00e9ristique qui distingue le Perfecto de l\u2019autre <strong>enfileur est celle d\u2019\u00eatre le seul \u00e0 avoir 3 canaux<\/strong>, dont une pour les aiguilles \u00e9paisses de la laine et de la broderie, de sorte que ceci est l\u2019un des produits les plus complets et adapt\u00e9s \u00e0 tout type de marketing, de la Mercerie au bazar, aux magasins que vendent Accessoires pour les couturi\u00e8res et textiles en g\u00e9n\u00e9ral.<\/p>\n<p>Perfecto l\u2019enfileur d\u2019aguille est un produit \u00e0 co\u00fbt bas, mais tr\u00e8s fonctionnel, de haute <strong>qualit\u00e9 100% Made in Italy<\/strong>!<\/p>\n<\/div>\n<\/div>\n\n\n<div class=\"wp-block-columns is-layout-flex wp-container-core-columns-is-layout-28f84493 wp-block-columns-is-layout-flex\">\n<div class=\"wp-block-column is-layout-flow wp-block-column-is-layout-flow\">\n<figure class=\"wp-block-image aligncenter size-full\"><img loading=\"lazy\" decoding=\"async\" width=\"594\" height=\"505\" src=\"http:\/\/www.martinellifenzo.com\/wp-content\/uploads\/2023\/01\/perfecto-espositore.jpg\" alt=\"\" class=\"wp-image-357\" srcset=\"https:\/\/www.martinellifenzo.com\/wp-content\/uploads\/2023\/01\/perfecto-espositore.jpg 594w, https:\/\/www.martinellifenzo.com\/wp-content\/uploads\/2023\/01\/perfecto-espositore-300x255.jpg 300w\" sizes=\"auto, (max-width: 594px) 100vw, 594px\" \/><figcaption class=\"wp-element-caption\">Bo\u00eete 10 Pi\u00e8ces<\/figcaption><\/figure>\n<\/div>\n\n\n\n<div class=\"wp-block-column is-layout-flow wp-block-column-is-layout-flow\">\n<figure class=\"wp-block-image aligncenter size-full\"><img loading=\"lazy\" decoding=\"async\" width=\"691\" height=\"484\" src=\"http:\/\/www.martinellifenzo.com\/wp-content\/uploads\/2023\/01\/perfecto-esp-100.jpg\" alt=\"\" class=\"wp-image-362\" srcset=\"https:\/\/www.martinellifenzo.com\/wp-content\/uploads\/2023\/01\/perfecto-esp-100.jpg 691w, https:\/\/www.martinellifenzo.com\/wp-content\/uploads\/2023\/01\/perfecto-esp-100-300x210.jpg 300w\" sizes=\"auto, (max-width: 691px) 100vw, 691px\" \/><figcaption class=\"wp-element-caption\">Bo\u00eete 50 Pi\u00e8ces<\/figcaption><\/figure>\n<\/div>\n<\/div>\n\n\n\n<div class=\"wp-block-columns is-layout-flex wp-container-core-columns-is-layout-28f84493 wp-block-columns-is-layout-flex\">\n<div class=\"wp-block-column is-layout-flow wp-block-column-is-layout-flow\">\n<figure class=\"wp-block-image aligncenter size-full\"><img loading=\"lazy\" decoding=\"async\" width=\"150\" height=\"107\" src=\"http:\/\/www.martinellifenzo.com\/wp-content\/uploads\/2023\/01\/Perfecto-scatola-trasparente.jpg\" alt=\"\" class=\"wp-image-367\"\/><figcaption class=\"wp-element-caption\">Bo\u00eete Transparente<\/figcaption><\/figure>\n<\/div>\n\n\n\n<div class=\"wp-block-column is-layout-flow wp-block-column-is-layout-flow\">\n<figure class=\"wp-block-image aligncenter size-full\"><img loading=\"lazy\" decoding=\"async\" width=\"600\" height=\"877\" src=\"http:\/\/www.martinellifenzo.com\/wp-content\/uploads\/2023\/01\/Perfecto-Confezione-Skin-Pack.jpg\" alt=\"\" class=\"wp-image-372\" srcset=\"https:\/\/www.martinellifenzo.com\/wp-content\/uploads\/2023\/01\/Perfecto-Confezione-Skin-Pack.jpg 600w, https:\/\/www.martinellifenzo.com\/wp-content\/uploads\/2023\/01\/Perfecto-Confezione-Skin-Pack-205x300.jpg 205w\" sizes=\"auto, (max-width: 600px) 100vw, 600px\" \/><figcaption class=\"wp-element-caption\">Emballage Skin Pack<\/figcaption><\/figure>\n<\/div>\n<\/div>\n\n\n<p style=\"text-align: center;\">* Panneaux publicitaires sont disponibles sur demande. Sont livr\u00e9s vides \u00e0 assembler.<br \/>(Image uniquement \u00e0 des fins de d\u00e9monstration)<\/p>","protected":false},"excerpt":{"rendered":"<p>\u201cPerfecto\u201d enfile-aiguille automatique PERFECTO est la petite machine enfile-aiguille universelle, pour tous les types d\u2019aiguilles, de grands \u00e0 ceux de la laine et de la broderie fine jusqu\u2019\u00e0 n. 10\/12 pour la soie. La caract\u00e9ristique qui distingue le Perfecto de l\u2019autre enfileur est celle d\u2019\u00eatre le seul \u00e0 avoir 3 canaux, dont une pour les [&hellip;]<\/p>\n","protected":false},"author":3,"featured_media":0,"parent":0,"menu_order":0,"comment_status":"closed","ping_status":"closed","template":"","meta":{"site-sidebar-layout":"default","site-content-layout":"","ast-site-content-layout":"default","site-content-style":"default","site-sidebar-style":"default","ast-global-header-display":"","ast-banner-title-visibility":"","ast-main-header-display":"","ast-hfb-above-header-display":"","ast-hfb-below-header-display":"","ast-hfb-mobile-header-display":"","site-post-title":"disabled","ast-breadcrumbs-content":"","ast-featured-img":"","footer-sml-layout":"","theme-transparent-header-meta":"","adv-header-id-meta":"","stick-header-meta":"","header-above-stick-meta":"","header-main-stick-meta":"","header-below-stick-meta":"","astra-migrate-meta-layouts":"default","ast-page-background-enabled":"default","ast-page-background-meta":{"desktop":{"background-color":"var(--ast-global-color-4)","background-image":"","background-repeat":"repeat","background-position":"center center","background-size":"auto","background-attachment":"scroll","background-type":"","background-media":"","overlay-type":"","overlay-color":"","overlay-opacity":"","overlay-gradient":""},"tablet":{"background-color":"","background-image":"","background-repeat":"repeat","background-position":"center center","background-size":"auto","background-attachment":"scroll","background-type":"","background-media":"","overlay-type":"","overlay-color":"","overlay-opacity":"","overlay-gradient":""},"mobile":{"background-color":"","background-image":"","background-repeat":"repeat","background-position":"center center","background-size":"auto","background-attachment":"scroll","background-type":"","background-media":"","overlay-type":"","overlay-color":"","overlay-opacity":"","overlay-gradient":""}},"ast-content-background-meta":{"desktop":{"background-color":"var(--ast-global-color-5)","background-image":"","background-repeat":"repeat","background-position":"center center","background-size":"auto","background-attachment":"scroll","background-type":"","background-media":"","overlay-type":"","overlay-color":"","overlay-opacity":"","overlay-gradient":""},"tablet":{"background-color":"var(--ast-global-color-5)","background-image":"","background-repeat":"repeat","background-position":"center center","background-size":"auto","background-attachment":"scroll","background-type":"","background-media":"","overlay-type":"","overlay-color":"","overlay-opacity":"","overlay-gradient":""},"mobile":{"background-color":"var(--ast-global-color-5)","background-image":"","background-repeat":"repeat","background-position":"center center","background-size":"auto","background-attachment":"scroll","background-type":"","background-media":"","overlay-type":"","overlay-color":"","overlay-opacity":"","overlay-gradient":""}},"footnotes":""},"class_list":["post-379","page","type-page","status-publish","hentry"],"_links":{"self":[{"href":"https:\/\/www.martinellifenzo.com\/fr\/wp-json\/wp\/v2\/pages\/379","targetHints":{"allow":["GET"]}}],"collection":[{"href":"https:\/\/www.martinellifenzo.com\/fr\/wp-json\/wp\/v2\/pages"}],"about":[{"href":"https:\/\/www.martinellifenzo.com\/fr\/wp-json\/wp\/v2\/types\/page"}],"author":[{"embeddable":true,"href":"https:\/\/www.martinellifenzo.com\/fr\/wp-json\/wp\/v2\/users\/3"}],"replies":[{"embeddable":true,"href":"https:\/\/www.martinellifenzo.com\/fr\/wp-json\/wp\/v2\/comments?post=379"}],"version-history":[{"count":1,"href":"https:\/\/www.martinellifenzo.com\/fr\/wp-json\/wp\/v2\/pages\/379\/revisions"}],"predecessor-version":[{"id":384,"href":"https:\/\/www.martinellifenzo.com\/fr\/wp-json\/wp\/v2\/pages\/379\/revisions\/384"}],"wp:attachment":[{"href":"https:\/\/www.martinellifenzo.com\/fr\/wp-json\/wp\/v2\/media?parent=379"}],"curies":[{"name":"wp","href":"https:\/\/api.w.org\/{rel}","templated":true}]}}