{"id":262,"date":"2023-01-20T11:38:50","date_gmt":"2023-01-20T11:38:50","guid":{"rendered":"http:\/\/www.martinellifenzo.com\/infila\/"},"modified":"2023-01-20T12:01:45","modified_gmt":"2023-01-20T12:01:45","slug":"infila","status":"publish","type":"page","link":"https:\/\/www.martinellifenzo.com\/fr\/infila\/","title":{"rendered":"Infila"},"content":{"rendered":"\n<figure class=\"wp-block-video\"><video height=\"720\" style=\"aspect-ratio: 1280 \/ 720;\" width=\"1280\" controls loop poster=\"http:\/\/www.martinellifenzo.com\/wp-content\/uploads\/2023\/01\/snapshot_infila.png\" src=\"http:\/\/www.martinellifenzo.com\/wp-content\/uploads\/2023\/01\/Needle-Threader-INFILA-3.mp4\"><\/video><\/figure>\n\n\n\n<h2 class=\"wp-block-heading\">\u201cInfila\u201d enfile-aiguille automatique<\/h2>\n\n\n<div class=\"et_pb_text et_pb_module et_pb_bg_layout_light et_pb_text_align_left  et_pb_text_1\">\n<div class=\"et_pb_text et_pb_module et_pb_bg_layout_light et_pb_text_align_left  et_pb_text_1\">\n<p>INFILA est la <strong>petite machine enfile-aiguille pour les grosses aiguilles<\/strong> de laine et pour les aiguilles tr\u00e8s fines pour la couture normale; avec INFILA vous pourrez enfiler les aiguilles m\u00eame les yeux ferm\u00e9s!<\/p>\n<p>Aussi cet objet, tout comme le Perfecto, <strong>est l\u2019un de nos principaux produits<\/strong>, nous commercialisons partout dans le monde et de distribuer \u00e0 tricoter, les grands magasins, les d\u00e9taillants de produits m\u00e9nagers Tailleurs, Accessoires pour Textile, broderie Articles, et ainsi de suite.<\/p>\n<p>Ceci est \u00e9galement un grand article pour tous les magasins qui vendent Hobby, bricolage, articles pour la maison et de cadeaux, gr\u00e2ce \u00e0 ses exposants color\u00e9s et tr\u00e8s attractifs.<\/p>\n<p>Si vous \u00eates \u00e0 la recherche d\u2019un moyen de gagner un temps pr\u00e9cieux et de le faire enregistrer \u00e0 vos clients, nous avons ce que vous cherchez!<\/p>\n<p>Si vous \u00eates \u00e0 la recherche d\u2019un moyen de gagner un temps pr\u00e9cieux, nous avons ce que vous cherchez!<\/p>\n<\/div>\n<\/div>\n\n\n<div class=\"wp-block-columns is-layout-flex wp-container-core-columns-is-layout-d7d455e7 wp-block-columns-is-layout-flex\" style=\"padding-top:0;padding-right:0;padding-bottom:0;padding-left:0\">\n<div class=\"wp-block-column is-layout-flow wp-block-column-is-layout-flow\">\n<figure class=\"wp-block-image aligncenter size-full\"><img loading=\"lazy\" decoding=\"async\" width=\"583\" height=\"512\" src=\"http:\/\/www.martinellifenzo.com\/wp-content\/uploads\/2023\/01\/espositore-10-pezzi.jpg\" alt=\"\" class=\"wp-image-235\" srcset=\"https:\/\/www.martinellifenzo.com\/wp-content\/uploads\/2023\/01\/espositore-10-pezzi.jpg 583w, https:\/\/www.martinellifenzo.com\/wp-content\/uploads\/2023\/01\/espositore-10-pezzi-300x263.jpg 300w\" sizes=\"auto, (max-width: 583px) 100vw, 583px\" \/><figcaption class=\"wp-element-caption\">Bo\u00eete 10 Pi\u00e8ces<\/figcaption><\/figure>\n<\/div>\n\n\n\n<div class=\"wp-block-column is-layout-flow wp-block-column-is-layout-flow\">\n<figure class=\"wp-block-image aligncenter size-full\"><img loading=\"lazy\" decoding=\"async\" width=\"693\" height=\"461\" src=\"http:\/\/www.martinellifenzo.com\/wp-content\/uploads\/2023\/01\/espositore-100-pezzi.jpg\" alt=\"\" class=\"wp-image-243\" srcset=\"https:\/\/www.martinellifenzo.com\/wp-content\/uploads\/2023\/01\/espositore-100-pezzi.jpg 693w, https:\/\/www.martinellifenzo.com\/wp-content\/uploads\/2023\/01\/espositore-100-pezzi-300x200.jpg 300w\" sizes=\"auto, (max-width: 693px) 100vw, 693px\" \/><figcaption class=\"wp-element-caption\">Bo\u00eete 100 Pi\u00e8ces<\/figcaption><\/figure>\n<\/div>\n<\/div>\n\n\n\n<div class=\"wp-block-columns is-layout-flex wp-container-core-columns-is-layout-d7d455e7 wp-block-columns-is-layout-flex\" style=\"padding-top:0;padding-right:0;padding-bottom:0;padding-left:0\">\n<div class=\"wp-block-column is-layout-flow wp-block-column-is-layout-flow\">\n<figure class=\"wp-block-image aligncenter size-full\"><img loading=\"lazy\" decoding=\"async\" width=\"150\" height=\"107\" src=\"http:\/\/www.martinellifenzo.com\/wp-content\/uploads\/2023\/01\/Infila-confezione-in-scatola-trasparente.png\" alt=\"\" class=\"wp-image-250\"\/><figcaption class=\"wp-element-caption\">Bo\u00eete Transparente<\/figcaption><\/figure>\n<\/div>\n\n\n\n<div class=\"wp-block-column is-layout-flow wp-block-column-is-layout-flow\">\n<figure class=\"wp-block-image aligncenter size-full\"><img loading=\"lazy\" decoding=\"async\" width=\"420\" height=\"557\" src=\"http:\/\/www.martinellifenzo.com\/wp-content\/uploads\/2023\/01\/Infila-Confezione-Skin-Pack-chiara.jpg\" alt=\"\" class=\"wp-image-255\" srcset=\"https:\/\/www.martinellifenzo.com\/wp-content\/uploads\/2023\/01\/Infila-Confezione-Skin-Pack-chiara.jpg 420w, https:\/\/www.martinellifenzo.com\/wp-content\/uploads\/2023\/01\/Infila-Confezione-Skin-Pack-chiara-226x300.jpg 226w\" sizes=\"auto, (max-width: 420px) 100vw, 420px\" \/><figcaption class=\"wp-element-caption\">Emballage Skin Pack<\/figcaption><\/figure>\n<\/div>\n<\/div>\n\n\n<div class=\"et_pb_text et_pb_module et_pb_bg_layout_light et_pb_text_align_center  et_pb_text_6\">\n<p style=\"text-align: center;\">* Panneaux publicitaires sont disponibles sur demande. Sont livr\u00e9s vides \u00e0 assembler.<br>(Image uniquement \u00e0 des fins de d\u00e9monstration)<\/p>\n<\/div>","protected":false},"excerpt":{"rendered":"<p>\u201cInfila\u201d enfile-aiguille automatique INFILA est la petite machine enfile-aiguille pour les grosses aiguilles de laine et pour les aiguilles tr\u00e8s fines pour la couture normale; avec INFILA vous pourrez enfiler les aiguilles m\u00eame les yeux ferm\u00e9s! Aussi cet objet, tout comme le Perfecto, est l\u2019un de nos principaux produits, nous commercialisons partout dans le monde [&hellip;]<\/p>\n","protected":false},"author":3,"featured_media":0,"parent":0,"menu_order":0,"comment_status":"closed","ping_status":"closed","template":"","meta":{"site-sidebar-layout":"default","site-content-layout":"","ast-site-content-layout":"default","site-content-style":"default","site-sidebar-style":"default","ast-global-header-display":"","ast-banner-title-visibility":"","ast-main-header-display":"","ast-hfb-above-header-display":"","ast-hfb-below-header-display":"","ast-hfb-mobile-header-display":"","site-post-title":"disabled","ast-breadcrumbs-content":"","ast-featured-img":"","footer-sml-layout":"","theme-transparent-header-meta":"","adv-header-id-meta":"","stick-header-meta":"","header-above-stick-meta":"","header-main-stick-meta":"","header-below-stick-meta":"","astra-migrate-meta-layouts":"default","ast-page-background-enabled":"default","ast-page-background-meta":{"desktop":{"background-color":"var(--ast-global-color-4)","background-image":"","background-repeat":"repeat","background-position":"center center","background-size":"auto","background-attachment":"scroll","background-type":"","background-media":"","overlay-type":"","overlay-color":"","overlay-opacity":"","overlay-gradient":""},"tablet":{"background-color":"","background-image":"","background-repeat":"repeat","background-position":"center center","background-size":"auto","background-attachment":"scroll","background-type":"","background-media":"","overlay-type":"","overlay-color":"","overlay-opacity":"","overlay-gradient":""},"mobile":{"background-color":"","background-image":"","background-repeat":"repeat","background-position":"center center","background-size":"auto","background-attachment":"scroll","background-type":"","background-media":"","overlay-type":"","overlay-color":"","overlay-opacity":"","overlay-gradient":""}},"ast-content-background-meta":{"desktop":{"background-color":"var(--ast-global-color-5)","background-image":"","background-repeat":"repeat","background-position":"center center","background-size":"auto","background-attachment":"scroll","background-type":"","background-media":"","overlay-type":"","overlay-color":"","overlay-opacity":"","overlay-gradient":""},"tablet":{"background-color":"var(--ast-global-color-5)","background-image":"","background-repeat":"repeat","background-position":"center center","background-size":"auto","background-attachment":"scroll","background-type":"","background-media":"","overlay-type":"","overlay-color":"","overlay-opacity":"","overlay-gradient":""},"mobile":{"background-color":"var(--ast-global-color-5)","background-image":"","background-repeat":"repeat","background-position":"center center","background-size":"auto","background-attachment":"scroll","background-type":"","background-media":"","overlay-type":"","overlay-color":"","overlay-opacity":"","overlay-gradient":""}},"footnotes":""},"class_list":["post-262","page","type-page","status-publish","hentry"],"_links":{"self":[{"href":"https:\/\/www.martinellifenzo.com\/fr\/wp-json\/wp\/v2\/pages\/262","targetHints":{"allow":["GET"]}}],"collection":[{"href":"https:\/\/www.martinellifenzo.com\/fr\/wp-json\/wp\/v2\/pages"}],"about":[{"href":"https:\/\/www.martinellifenzo.com\/fr\/wp-json\/wp\/v2\/types\/page"}],"author":[{"embeddable":true,"href":"https:\/\/www.martinellifenzo.com\/fr\/wp-json\/wp\/v2\/users\/3"}],"replies":[{"embeddable":true,"href":"https:\/\/www.martinellifenzo.com\/fr\/wp-json\/wp\/v2\/comments?post=262"}],"version-history":[{"count":3,"href":"https:\/\/www.martinellifenzo.com\/fr\/wp-json\/wp\/v2\/pages\/262\/revisions"}],"predecessor-version":[{"id":294,"href":"https:\/\/www.martinellifenzo.com\/fr\/wp-json\/wp\/v2\/pages\/262\/revisions\/294"}],"wp:attachment":[{"href":"https:\/\/www.martinellifenzo.com\/fr\/wp-json\/wp\/v2\/media?parent=262"}],"curies":[{"name":"wp","href":"https:\/\/api.w.org\/{rel}","templated":true}]}}