{"id":208,"date":"2023-01-20T10:01:31","date_gmt":"2023-01-20T10:01:31","guid":{"rendered":"http:\/\/www.martinellifenzo.com\/prodotti\/"},"modified":"2023-01-26T16:55:21","modified_gmt":"2023-01-26T16:55:21","slug":"produits","status":"publish","type":"page","link":"https:\/\/www.martinellifenzo.com\/fr\/produits\/","title":{"rendered":"Produits Martinelli Fenzo"},"content":{"rendered":"\n<figure class=\"wp-block-image aligncenter size-full\"><img loading=\"lazy\" decoding=\"async\" width=\"440\" height=\"178\" src=\"http:\/\/www.martinellifenzo.com\/wp-content\/uploads\/2023\/01\/martinelli-prodotti-ok.jpg\" alt=\"\" class=\"wp-image-98\" srcset=\"https:\/\/www.martinellifenzo.com\/wp-content\/uploads\/2023\/01\/martinelli-prodotti-ok.jpg 440w, https:\/\/www.martinellifenzo.com\/wp-content\/uploads\/2023\/01\/martinelli-prodotti-ok-300x121.jpg 300w\" sizes=\"auto, (max-width: 440px) 100vw, 440px\" \/><\/figure>\n\n\n<div class=\"et_pb_text et_pb_module et_pb_bg_layout_light et_pb_text_align_left  et_pb_text_1\">\n<div class=\"et_pb_text et_pb_module et_pb_bg_layout_light et_pb_text_align_left  et_pb_text_1\">\n<p>Les objets con\u00e7us et <strong>produits par Urania sont tous produits &nbsp;en Italie<\/strong> et sont test\u00e9s avec le plus grand soin directement par notre soci\u00e9t\u00e9.<br><span id=\"more-82\"><\/span><br>Des accessoires de couture aux accessoires pour la maison, Urania con\u00e7oit, imprime et vend dans sa fabrique une gamme compl\u00e8te d\u2019articles pour rendre la vie plus facile!<\/p>\n<p>Notre soci\u00e9t\u00e9 est connue dans le monde entier pour la <strong>production d\u2019enfileur d\u2019aiguille automatique pour tout type d\u2019aiguille<\/strong> et aussi pour enfiler les machines \u00e0 coudre, mais nous produisons aussi des embauchoir chaussures pour conser\u00e0 mettre dans les chaussures hommes, femmes et enfants et tire-bouchons pour d\u00e9boucher chaque bouteille sans effort .<\/p>\n<p>Tous nos produits ont un <strong>design exclusif et original<\/strong> avec un grand impact visuel, combinant ainsi l\u2019utilit\u00e9 d\u2019un composant esth\u00e9tique tr\u00e8s attrayante pour toutes les entreprises qui choisissent de commercialiser nos objets.<\/p>\n<p>Nous avons des clients partout dans le monde et la cible principale \u00e0 laquelle nous adressons est repr\u00e9sent\u00e9 par: merceries, Magasins de marchandises pour les couturi\u00e8res, magasins de Hobby et Bricolage, Magasins de broderie et accessoires, Bazar, les associations pour les personnes handicap\u00e9es et des personnes \u00e2g\u00e9es, grossistes et magasins pour les articles de la maison et cadeaux, grossistes de gadgets et articles promotionnels, accessoires pour le textile, etc \u2026<\/p>\n<p>Les cat\u00e9gories mentionn\u00e9es ci-dessus ne repr\u00e9sentent qu\u2019une <strong>petite partie de nos clients potentiels<\/strong> que, si on le souhaite, peut facilement s\u2019\u00e9tendre \u00e0 tous ceux qui veulent essayer de nouveaux \u00e9l\u00e9ments, beau, facile \u00e0 utiliser et surtout utile, gr\u00e2ce \u00e0 une gamme compl\u00e8te pour tous les besoins:<\/p>\n<\/div>\n<\/div>\n\n\n<div class=\"wp-block-columns is-layout-flex wp-container-core-columns-is-layout-5c5cdacd wp-block-columns-is-layout-flex\" style=\"border-style:none;border-width:0px;padding-top:var(--wp--preset--spacing--20);padding-right:var(--wp--preset--spacing--20);padding-bottom:var(--wp--preset--spacing--20);padding-left:var(--wp--preset--spacing--20)\">\n<div class=\"wp-block-column has-border-color has-pale-cyan-blue-border-color is-layout-flow wp-block-column-is-layout-flow\" style=\"border-width:2px\">\n<h2 class=\"has-text-align-center has-pale-cyan-blue-color has-ast-global-color-5-background-color has-text-color has-background has-large-font-size wp-block-heading\" style=\"margin-top:0;margin-right:0;margin-bottom:0;margin-left:0;padding-top:var(--wp--preset--spacing--60);padding-right:var(--wp--preset--spacing--60);padding-bottom:var(--wp--preset--spacing--60);padding-left:var(--wp--preset--spacing--60)\"><a href=\"http:\/\/www.martinellifenzo.com\/fr\/infila\/\" data-type=\"page\" data-id=\"262\">INFILA<\/a><\/h2>\n\n\n\n<div class=\"et_pb_text et_pb_module et_pb_bg_layout_light et_pb_text_align_center  et_pb_text_2\">\n<div class=\"et_pb_text et_pb_module et_pb_bg_layout_light et_pb_text_align_center  et_pb_text_2\">\n<p style=\"text-align: center;\"><a href=\"http:\/\/www.martinellifenzo.com\/fr\/infila\/\">enfile-aiguille automatique laine et couture<\/a><\/p>\n<\/div>\n<\/div>\n<\/div>\n\n\n\n<div class=\"wp-block-column has-border-color has-pale-cyan-blue-border-color is-layout-flow wp-block-column-is-layout-flow\" style=\"border-width:2px\">\n<h2 class=\"has-text-align-center has-pale-cyan-blue-color has-ast-global-color-5-background-color has-text-color has-background has-large-font-size wp-block-heading\" style=\"margin-top:0;margin-right:0;margin-bottom:0;margin-left:0;padding-top:var(--wp--preset--spacing--60);padding-right:var(--wp--preset--spacing--60);padding-bottom:var(--wp--preset--spacing--60);padding-left:var(--wp--preset--spacing--60)\"><a href=\"http:\/\/www.martinellifenzo.com\/fr\/perfecto\/\" data-type=\"page\" data-id=\"379\">PERFECTO<\/a><\/h2>\n\n\n\n<div class=\"et_pb_text et_pb_module et_pb_bg_layout_light et_pb_text_align_left  et_pb_text_3\">\n<div class=\"et_pb_text et_pb_module et_pb_bg_layout_light et_pb_text_align_left  et_pb_text_3\">\n<p style=\"text-align: center;\"><a href=\"http:\/\/www.martinellifenzo.com\/fr\/perfecto\/\">enfile-aiguille automatique 3 canaux<\/a><\/p>\n<\/div>\n<\/div>\n<\/div>\n\n\n\n<div class=\"wp-block-column has-border-color has-pale-cyan-blue-border-color is-layout-flow wp-block-column-is-layout-flow\" style=\"border-width:2px\">\n<h2 class=\"has-text-align-center has-pale-cyan-blue-color has-ast-global-color-5-background-color has-text-color has-background has-large-font-size wp-block-heading\" style=\"padding-top:var(--wp--preset--spacing--60);padding-right:var(--wp--preset--spacing--60);padding-bottom:var(--wp--preset--spacing--60);padding-left:var(--wp--preset--spacing--60)\"><a href=\"http:\/\/www.martinellifenzo.com\/fr\/elite\/\" data-type=\"page\" data-id=\"705\">ELITE<\/a><\/h2>\n\n\n\n<div class=\"et_pb_text et_pb_module et_pb_bg_layout_light et_pb_text_align_left  et_pb_text_4\">\n<div class=\"et_pb_text et_pb_module et_pb_bg_layout_light et_pb_text_align_center  et_pb_text_4\">\n<p style=\"text-align: center;\"><a href=\"http:\/\/www.martinellifenzo.com\/fr\/elite\/\">enfile-aiguille automatique un seul canal<\/a><\/p>\n<\/div>\n<\/div>\n<\/div>\n<\/div>\n\n\n\n<div class=\"wp-block-columns is-layout-flex wp-container-core-columns-is-layout-5c5cdacd wp-block-columns-is-layout-flex\" style=\"border-style:none;border-width:0px;padding-top:var(--wp--preset--spacing--20);padding-right:var(--wp--preset--spacing--20);padding-bottom:var(--wp--preset--spacing--20);padding-left:var(--wp--preset--spacing--20)\">\n<div class=\"wp-block-column has-border-color has-pale-cyan-blue-border-color is-layout-flow wp-block-column-is-layout-flow\" style=\"border-width:2px\">\n<h2 class=\"has-text-align-center has-pale-cyan-blue-color has-ast-global-color-5-background-color has-text-color has-background has-large-font-size wp-block-heading\" style=\"margin-top:0;margin-right:0;margin-bottom:0;margin-left:0;padding-top:var(--wp--preset--spacing--60);padding-right:var(--wp--preset--spacing--60);padding-bottom:var(--wp--preset--spacing--60);padding-left:var(--wp--preset--spacing--60)\"><a href=\"http:\/\/www.martinellifenzo.com\/fr\/blue-elite\/\" data-type=\"page\" data-id=\"687\">BLU ELITE<\/a><\/h2>\n\n\n\n<div class=\"et_pb_text et_pb_module et_pb_bg_layout_light et_pb_text_align_center  et_pb_text_2\">\n<div class=\"et_pb_text et_pb_module et_pb_bg_layout_light et_pb_text_align_center  et_pb_text_5\">\n<div class=\"et_pb_text et_pb_module et_pb_bg_layout_light et_pb_text_align_center  et_pb_text_5\">\n<p style=\"text-align: center;\"><a href=\"http:\/\/www.martinellifenzo.com\/fr\/blue-elite\/\">enfile-aiguille automatique un seul canal avec base<\/a><\/p>\n<\/div>\n<\/div>\n<\/div>\n<\/div>\n\n\n\n<div class=\"wp-block-column has-border-color has-pale-cyan-blue-border-color is-layout-flow wp-block-column-is-layout-flow\" style=\"border-width:2px\">\n<h2 class=\"has-text-align-center has-pale-cyan-blue-color has-ast-global-color-5-background-color has-text-color has-background has-large-font-size wp-block-heading\" style=\"margin-top:0;margin-right:0;margin-bottom:0;margin-left:0;padding-top:var(--wp--preset--spacing--60);padding-right:var(--wp--preset--spacing--60);padding-bottom:var(--wp--preset--spacing--60);padding-left:var(--wp--preset--spacing--60)\"><a href=\"http:\/\/www.martinellifenzo.com\/fr\/ez-in\/\" data-type=\"page\" data-id=\"671\">EZ IN<\/a><\/h2>\n\n\n\n<div class=\"et_pb_text et_pb_module et_pb_bg_layout_light et_pb_text_align_left  et_pb_text_3\">\n<div class=\"et_pb_text et_pb_module et_pb_bg_layout_light et_pb_text_align_left  et_pb_text_6\">\n<div class=\"et_pb_text et_pb_module et_pb_bg_layout_light et_pb_text_align_center  et_pb_text_6\">\n<p style=\"text-align: center;\"><a href=\"http:\/\/www.martinellifenzo.com\/fr\/ez-in\/\">enfile-aiguille automatique pour machines \u00e0 coudre<\/a><\/p>\n<\/div>\n<\/div>\n<\/div>\n<\/div>\n\n\n\n<div class=\"wp-block-column has-border-color has-pale-cyan-blue-border-color is-layout-flow wp-block-column-is-layout-flow\" style=\"border-width:2px\">\n<h2 class=\"has-text-align-center has-pale-cyan-blue-color has-ast-global-color-5-background-color has-text-color has-background has-large-font-size wp-block-heading\" style=\"padding-top:var(--wp--preset--spacing--60);padding-right:var(--wp--preset--spacing--60);padding-bottom:var(--wp--preset--spacing--60);padding-left:var(--wp--preset--spacing--60)\"><a href=\"http:\/\/www.martinellifenzo.com\/fr\/l-unico\/\" data-type=\"page\" data-id=\"482\">L&rsquo;UNICO<\/a><\/h2>\n\n\n\n<div class=\"et_pb_text et_pb_module et_pb_bg_layout_light et_pb_text_align_left  et_pb_text_4\">\n<div class=\"et_pb_text et_pb_module et_pb_bg_layout_light et_pb_text_align_center  et_pb_text_7\">\n<p style=\"text-align: center;\"><a href=\"http:\/\/www.martinellifenzo.com\/fr\/l-unico\/\">tire bouchon<\/a><\/p>\n<\/div>\n<\/div>\n<\/div>\n<\/div>\n\n\n\n<div class=\"wp-block-columns is-layout-flex wp-container-core-columns-is-layout-5c5cdacd wp-block-columns-is-layout-flex\" style=\"border-style:none;border-width:0px;padding-top:var(--wp--preset--spacing--20);padding-right:var(--wp--preset--spacing--20);padding-bottom:var(--wp--preset--spacing--20);padding-left:var(--wp--preset--spacing--20)\">\n<div class=\"wp-block-column is-layout-flow wp-block-column-is-layout-flow\" style=\"border-style:none;border-width:0px\"><\/div>\n\n\n\n<div class=\"wp-block-column has-border-color has-pale-cyan-blue-border-color is-layout-flow wp-block-column-is-layout-flow\" style=\"border-width:2px\">\n<h2 class=\"has-text-align-center has-pale-cyan-blue-color has-ast-global-color-5-background-color has-text-color has-background has-large-font-size wp-block-heading\" style=\"margin-top:0;margin-right:0;margin-bottom:0;margin-left:0;padding-top:var(--wp--preset--spacing--60);padding-right:var(--wp--preset--spacing--60);padding-bottom:var(--wp--preset--spacing--60);padding-left:var(--wp--preset--spacing--60)\"><a href=\"http:\/\/www.martinellifenzo.com\/fr\/scarpi\/\" data-type=\"page\" data-id=\"415\">SCARPI&rsquo;<\/a><\/h2>\n\n\n\n<div class=\"et_pb_text et_pb_module et_pb_bg_layout_light et_pb_text_align_left  et_pb_text_3\">\n<div class=\"et_pb_text et_pb_module et_pb_bg_layout_light et_pb_text_align_left  et_pb_text_6\">\n<div class=\"et_pb_text et_pb_module et_pb_bg_layout_light et_pb_text_align_center  et_pb_text_8\">\n<p style=\"text-align: center;\"><a href=\"http:\/\/www.martinellifenzo.com\/fr\/scarpi\/\">embauchoir chaussure<\/a><\/p>\n<\/div>\n<\/div>\n<\/div>\n<\/div>\n\n\n\n<div class=\"wp-block-column is-layout-flow wp-block-column-is-layout-flow\" style=\"border-style:none;border-width:0px\"><\/div>\n<\/div>\n","protected":false},"excerpt":{"rendered":"<p>Les objets con\u00e7us et produits par Urania sont tous produits &nbsp;en Italie et sont test\u00e9s avec le plus grand soin directement par notre soci\u00e9t\u00e9.Des accessoires de couture aux accessoires pour la maison, Urania con\u00e7oit, imprime et vend dans sa fabrique une gamme compl\u00e8te d\u2019articles pour rendre la vie plus facile! Notre soci\u00e9t\u00e9 est connue dans [&hellip;]<\/p>\n","protected":false},"author":3,"featured_media":0,"parent":0,"menu_order":0,"comment_status":"closed","ping_status":"closed","template":"","meta":{"site-sidebar-layout":"default","site-content-layout":"","ast-site-content-layout":"default","site-content-style":"default","site-sidebar-style":"default","ast-global-header-display":"","ast-banner-title-visibility":"","ast-main-header-display":"","ast-hfb-above-header-display":"","ast-hfb-below-header-display":"","ast-hfb-mobile-header-display":"","site-post-title":"","ast-breadcrumbs-content":"","ast-featured-img":"","footer-sml-layout":"","theme-transparent-header-meta":"","adv-header-id-meta":"","stick-header-meta":"","header-above-stick-meta":"","header-main-stick-meta":"","header-below-stick-meta":"","astra-migrate-meta-layouts":"default","ast-page-background-enabled":"default","ast-page-background-meta":{"desktop":{"background-color":"var(--ast-global-color-4)","background-image":"","background-repeat":"repeat","background-position":"center center","background-size":"auto","background-attachment":"scroll","background-type":"","background-media":"","overlay-type":"","overlay-color":"","overlay-opacity":"","overlay-gradient":""},"tablet":{"background-color":"","background-image":"","background-repeat":"repeat","background-position":"center center","background-size":"auto","background-attachment":"scroll","background-type":"","background-media":"","overlay-type":"","overlay-color":"","overlay-opacity":"","overlay-gradient":""},"mobile":{"background-color":"","background-image":"","background-repeat":"repeat","background-position":"center center","background-size":"auto","background-attachment":"scroll","background-type":"","background-media":"","overlay-type":"","overlay-color":"","overlay-opacity":"","overlay-gradient":""}},"ast-content-background-meta":{"desktop":{"background-color":"var(--ast-global-color-5)","background-image":"","background-repeat":"repeat","background-position":"center center","background-size":"auto","background-attachment":"scroll","background-type":"","background-media":"","overlay-type":"","overlay-color":"","overlay-opacity":"","overlay-gradient":""},"tablet":{"background-color":"var(--ast-global-color-5)","background-image":"","background-repeat":"repeat","background-position":"center center","background-size":"auto","background-attachment":"scroll","background-type":"","background-media":"","overlay-type":"","overlay-color":"","overlay-opacity":"","overlay-gradient":""},"mobile":{"background-color":"var(--ast-global-color-5)","background-image":"","background-repeat":"repeat","background-position":"center center","background-size":"auto","background-attachment":"scroll","background-type":"","background-media":"","overlay-type":"","overlay-color":"","overlay-opacity":"","overlay-gradient":""}},"footnotes":""},"class_list":["post-208","page","type-page","status-publish","hentry"],"_links":{"self":[{"href":"https:\/\/www.martinellifenzo.com\/fr\/wp-json\/wp\/v2\/pages\/208","targetHints":{"allow":["GET"]}}],"collection":[{"href":"https:\/\/www.martinellifenzo.com\/fr\/wp-json\/wp\/v2\/pages"}],"about":[{"href":"https:\/\/www.martinellifenzo.com\/fr\/wp-json\/wp\/v2\/types\/page"}],"author":[{"embeddable":true,"href":"https:\/\/www.martinellifenzo.com\/fr\/wp-json\/wp\/v2\/users\/3"}],"replies":[{"embeddable":true,"href":"https:\/\/www.martinellifenzo.com\/fr\/wp-json\/wp\/v2\/comments?post=208"}],"version-history":[{"count":2,"href":"https:\/\/www.martinellifenzo.com\/fr\/wp-json\/wp\/v2\/pages\/208\/revisions"}],"predecessor-version":[{"id":806,"href":"https:\/\/www.martinellifenzo.com\/fr\/wp-json\/wp\/v2\/pages\/208\/revisions\/806"}],"wp:attachment":[{"href":"https:\/\/www.martinellifenzo.com\/fr\/wp-json\/wp\/v2\/media?parent=208"}],"curies":[{"name":"wp","href":"https:\/\/api.w.org\/{rel}","templated":true}]}}