{"id":689,"date":"2023-01-24T12:25:35","date_gmt":"2023-01-24T12:25:35","guid":{"rendered":"http:\/\/www.martinellifenzo.com\/blue-elite\/"},"modified":"2023-01-25T17:55:45","modified_gmt":"2023-01-25T17:55:45","slug":"blue-elite","status":"publish","type":"page","link":"https:\/\/www.martinellifenzo.com\/es\/blue-elite\/","title":{"rendered":"Blue-elite"},"content":{"rendered":"\n<h2 class=\"wp-block-heading\">\u201cBlu Elite\u201d enhebra-agujas autom\u00e1tico<\/h2>\n\n\n\n<p>BLUE ELITE es el aparato<strong> enhebra agujas s\u00f3lo con un cana<\/strong>l para todos los tipos de agujas de costura incluso aquellos sutiles y difiere de la Elite por la presencia de una s\u00f3lida base de pl\u00e1stico que hace que sea a\u00fan m\u00e1s hace f\u00e1cil su empleo.<\/p>\n\n\n\n<p>El enhebrador <strong>Blue \u00c9lite se convertir\u00e1 en el mejor compa\u00f1ero<\/strong> para todas aquellas personas que tienen dificultades f\u00edsicas que le impiden normalmente enhebrar las agujas, o en todo caso para todos los que quieren agilizar estas operaciones.<\/p>\n\n\n\n<p>De hecho con BLUE ELITE podr\u00e1s <strong>enhebrar todas las agujas en un instante<\/strong>: apoyas el hilo, empujas el i el bot\u00f3n, tiras \u2026 y ya est\u00e1!<\/p>\n\n\n\n<div style=\"height:36px\" aria-hidden=\"true\" class=\"wp-block-spacer\"><\/div>\n\n\n\n<h5 class=\"wp-block-heading\">C\u00f3mo funciona Blu Elite:<\/h5>\n\n\n\n<figure class=\"wp-block-image aligncenter size-full\"><img loading=\"lazy\" decoding=\"async\" width=\"670\" height=\"353\" src=\"http:\/\/www.martinellifenzo.com\/wp-content\/uploads\/2023\/01\/funziona-blue-elite.jpg\" alt=\"\" class=\"wp-image-599\" srcset=\"https:\/\/www.martinellifenzo.com\/wp-content\/uploads\/2023\/01\/funziona-blue-elite.jpg 670w, https:\/\/www.martinellifenzo.com\/wp-content\/uploads\/2023\/01\/funziona-blue-elite-300x158.jpg 300w\" sizes=\"auto, (max-width: 670px) 100vw, 670px\" \/><\/figure>\n\n\n\n<h5 class=\"wp-block-heading\">Confecciones:<\/h5>\n\n\n\n<div class=\"wp-block-columns is-layout-flex wp-container-core-columns-is-layout-28f84493 wp-block-columns-is-layout-flex\">\n<div class=\"wp-block-column is-layout-flow wp-block-column-is-layout-flow\">\n<figure class=\"wp-block-image aligncenter size-full is-resized\"><img loading=\"lazy\" decoding=\"async\" src=\"http:\/\/www.martinellifenzo.com\/wp-content\/uploads\/2023\/01\/blu-elite-skin-pack-2.png\" alt=\"\" class=\"wp-image-606\" width=\"205\" height=\"256\"\/><figcaption class=\"wp-element-caption\"><br>Blu Elite Confecci\u00f3n Skin Pack<\/figcaption><\/figure>\n<\/div>\n\n\n\n<div class=\"wp-block-column is-layout-flow wp-block-column-is-layout-flow\">\n<figure class=\"wp-block-image aligncenter size-full\"><img loading=\"lazy\" decoding=\"async\" width=\"180\" height=\"275\" src=\"http:\/\/www.martinellifenzo.com\/wp-content\/uploads\/2023\/01\/blu-elite-confezione-con-base-t2.png\" alt=\"\" class=\"wp-image-611\"\/><figcaption class=\"wp-element-caption\">Blu Elite Confecci\u00f3n con Base<\/figcaption><\/figure>\n<\/div>\n<\/div>\n\n\n\n<figure class=\"wp-block-image aligncenter size-full\"><img loading=\"lazy\" decoding=\"async\" width=\"235\" height=\"243\" src=\"http:\/\/www.martinellifenzo.com\/wp-content\/uploads\/2023\/01\/Blu-Elite-con-Base.png\" alt=\"\" class=\"wp-image-617\"\/><figcaption class=\"wp-element-caption\">Blu Elite con Base<\/figcaption><\/figure>\n","protected":false},"excerpt":{"rendered":"<p>\u201cBlu Elite\u201d enhebra-agujas autom\u00e1tico BLUE ELITE es el aparato enhebra agujas s\u00f3lo con un canal para todos los tipos de agujas de costura incluso aquellos sutiles y difiere de la Elite por la presencia de una s\u00f3lida base de pl\u00e1stico que hace que sea a\u00fan m\u00e1s hace f\u00e1cil su empleo. El enhebrador Blue \u00c9lite se [&hellip;]<\/p>\n","protected":false},"author":1,"featured_media":0,"parent":0,"menu_order":0,"comment_status":"closed","ping_status":"closed","template":"","meta":{"site-sidebar-layout":"default","site-content-layout":"","ast-site-content-layout":"default","site-content-style":"default","site-sidebar-style":"default","ast-global-header-display":"","ast-banner-title-visibility":"","ast-main-header-display":"","ast-hfb-above-header-display":"","ast-hfb-below-header-display":"","ast-hfb-mobile-header-display":"","site-post-title":"disabled","ast-breadcrumbs-content":"","ast-featured-img":"","footer-sml-layout":"","theme-transparent-header-meta":"","adv-header-id-meta":"","stick-header-meta":"","header-above-stick-meta":"","header-main-stick-meta":"","header-below-stick-meta":"","astra-migrate-meta-layouts":"default","ast-page-background-enabled":"default","ast-page-background-meta":{"desktop":{"background-color":"var(--ast-global-color-4)","background-image":"","background-repeat":"repeat","background-position":"center center","background-size":"auto","background-attachment":"scroll","background-type":"","background-media":"","overlay-type":"","overlay-color":"","overlay-opacity":"","overlay-gradient":""},"tablet":{"background-color":"","background-image":"","background-repeat":"repeat","background-position":"center center","background-size":"auto","background-attachment":"scroll","background-type":"","background-media":"","overlay-type":"","overlay-color":"","overlay-opacity":"","overlay-gradient":""},"mobile":{"background-color":"","background-image":"","background-repeat":"repeat","background-position":"center center","background-size":"auto","background-attachment":"scroll","background-type":"","background-media":"","overlay-type":"","overlay-color":"","overlay-opacity":"","overlay-gradient":""}},"ast-content-background-meta":{"desktop":{"background-color":"var(--ast-global-color-5)","background-image":"","background-repeat":"repeat","background-position":"center center","background-size":"auto","background-attachment":"scroll","background-type":"","background-media":"","overlay-type":"","overlay-color":"","overlay-opacity":"","overlay-gradient":""},"tablet":{"background-color":"var(--ast-global-color-5)","background-image":"","background-repeat":"repeat","background-position":"center center","background-size":"auto","background-attachment":"scroll","background-type":"","background-media":"","overlay-type":"","overlay-color":"","overlay-opacity":"","overlay-gradient":""},"mobile":{"background-color":"var(--ast-global-color-5)","background-image":"","background-repeat":"repeat","background-position":"center center","background-size":"auto","background-attachment":"scroll","background-type":"","background-media":"","overlay-type":"","overlay-color":"","overlay-opacity":"","overlay-gradient":""}},"footnotes":""},"class_list":["post-689","page","type-page","status-publish","hentry"],"_links":{"self":[{"href":"https:\/\/www.martinellifenzo.com\/es\/wp-json\/wp\/v2\/pages\/689","targetHints":{"allow":["GET"]}}],"collection":[{"href":"https:\/\/www.martinellifenzo.com\/es\/wp-json\/wp\/v2\/pages"}],"about":[{"href":"https:\/\/www.martinellifenzo.com\/es\/wp-json\/wp\/v2\/types\/page"}],"author":[{"embeddable":true,"href":"https:\/\/www.martinellifenzo.com\/es\/wp-json\/wp\/v2\/users\/1"}],"replies":[{"embeddable":true,"href":"https:\/\/www.martinellifenzo.com\/es\/wp-json\/wp\/v2\/comments?post=689"}],"version-history":[{"count":2,"href":"https:\/\/www.martinellifenzo.com\/es\/wp-json\/wp\/v2\/pages\/689\/revisions"}],"predecessor-version":[{"id":703,"href":"https:\/\/www.martinellifenzo.com\/es\/wp-json\/wp\/v2\/pages\/689\/revisions\/703"}],"wp:attachment":[{"href":"https:\/\/www.martinellifenzo.com\/es\/wp-json\/wp\/v2\/media?parent=689"}],"curies":[{"name":"wp","href":"https:\/\/api.w.org\/{rel}","templated":true}]}}