{"id":673,"date":"2023-01-24T11:22:47","date_gmt":"2023-01-24T11:22:47","guid":{"rendered":"http:\/\/www.martinellifenzo.com\/ez-in\/"},"modified":"2023-01-25T17:18:56","modified_gmt":"2023-01-25T17:18:56","slug":"ez-in","status":"publish","type":"page","link":"https:\/\/www.martinellifenzo.com\/es\/ez-in\/","title":{"rendered":"Ez-In"},"content":{"rendered":"\n<figure class=\"wp-block-video\"><video height=\"720\" style=\"aspect-ratio: 1280 \/ 720;\" width=\"1280\" controls loop poster=\"http:\/\/www.martinellifenzo.com\/wp-content\/uploads\/2023\/01\/snapshot-ezin.png\" src=\"http:\/\/www.martinellifenzo.com\/wp-content\/uploads\/2023\/01\/ez-in.mp4\"><\/video><\/figure>\n\n\n\n<h2 class=\"wp-block-heading\">\u201cEz In\u201d enhebra-agujas para M\u00e1quinas de Coser<\/h2>\n\n\n\n<p>EZ IN es el aparato <strong>enhebra agujas por m\u00e1quina para coser<\/strong>; con EZ EN podr\u00e1s enhebrar todas las m\u00e1quinas para coser en un instante: apoyas el hilo, empujas el interruptor, tiras\u2026 \u00a1y ya est\u00e1!<\/p>\n\n\n\n<p>Una herramienta esencial para cualquier persona que quiere <strong>acelerar muchas de estas operaciones<\/strong>, dise\u00f1ado especialmente para aquellos que tienen una empresa con diferentes m\u00e1quinas y que necesita reducir consistentemente los tiempos de producci\u00f3n.<\/p>\n\n\n\n<p>Sin embargo, Eso no saca que EZ IN tambi\u00e9n sea apto para clientes de quien vende art\u00edculos por el hogar, regalo, mercer\u00edas, grandes almacenes, mayoristas de Gadget, etc.<\/p>\n\n\n\n<h6 class=\"wp-block-heading\">Confecci\u00f3n:<\/h6>\n\n\n\n<div class=\"wp-block-columns is-layout-flex wp-container-core-columns-is-layout-28f84493 wp-block-columns-is-layout-flex\">\n<div class=\"wp-block-column is-layout-flow wp-block-column-is-layout-flow\">\n<figure class=\"wp-block-image aligncenter size-full\"><img loading=\"lazy\" decoding=\"async\" width=\"650\" height=\"960\" src=\"http:\/\/www.martinellifenzo.com\/wp-content\/uploads\/2023\/01\/ez-in-infila-aghi-macchina-da-cucire.png\" alt=\"\" class=\"wp-image-571\" srcset=\"https:\/\/www.martinellifenzo.com\/wp-content\/uploads\/2023\/01\/ez-in-infila-aghi-macchina-da-cucire.png 650w, https:\/\/www.martinellifenzo.com\/wp-content\/uploads\/2023\/01\/ez-in-infila-aghi-macchina-da-cucire-203x300.png 203w\" sizes=\"auto, (max-width: 650px) 100vw, 650px\" \/><figcaption class=\"wp-element-caption\">Ez In Confecci\u00f3n Skin Pack<\/figcaption><\/figure>\n<\/div>\n\n\n\n<div class=\"wp-block-column is-layout-flow wp-block-column-is-layout-flow\">\n<figure class=\"wp-block-image aligncenter size-full\"><img loading=\"lazy\" decoding=\"async\" width=\"365\" height=\"120\" src=\"http:\/\/www.martinellifenzo.com\/wp-content\/uploads\/2023\/01\/ez-in-macchina-da-cucire.png\" alt=\"\" class=\"wp-image-578\" srcset=\"https:\/\/www.martinellifenzo.com\/wp-content\/uploads\/2023\/01\/ez-in-macchina-da-cucire.png 365w, https:\/\/www.martinellifenzo.com\/wp-content\/uploads\/2023\/01\/ez-in-macchina-da-cucire-300x99.png 300w\" sizes=\"auto, (max-width: 365px) 100vw, 365px\" \/><figcaption class=\"wp-element-caption\">Ez In M\u00e1quinas de Coser<\/figcaption><\/figure>\n<\/div>\n<\/div>\n\n\n\n<div style=\"height:28px\" aria-hidden=\"true\" class=\"wp-block-spacer\"><\/div>\n","protected":false},"excerpt":{"rendered":"<p>\u201cEz In\u201d enhebra-agujas para M\u00e1quinas de Coser EZ IN es el aparato enhebra agujas por m\u00e1quina para coser; con EZ EN podr\u00e1s enhebrar todas las m\u00e1quinas para coser en un instante: apoyas el hilo, empujas el interruptor, tiras\u2026 \u00a1y ya est\u00e1! Una herramienta esencial para cualquier persona que quiere acelerar muchas de estas operaciones, dise\u00f1ado [&hellip;]<\/p>\n","protected":false},"author":1,"featured_media":0,"parent":0,"menu_order":0,"comment_status":"closed","ping_status":"closed","template":"","meta":{"site-sidebar-layout":"default","site-content-layout":"","ast-site-content-layout":"default","site-content-style":"default","site-sidebar-style":"default","ast-global-header-display":"","ast-banner-title-visibility":"","ast-main-header-display":"","ast-hfb-above-header-display":"","ast-hfb-below-header-display":"","ast-hfb-mobile-header-display":"","site-post-title":"disabled","ast-breadcrumbs-content":"","ast-featured-img":"","footer-sml-layout":"","theme-transparent-header-meta":"","adv-header-id-meta":"","stick-header-meta":"","header-above-stick-meta":"","header-main-stick-meta":"","header-below-stick-meta":"","astra-migrate-meta-layouts":"default","ast-page-background-enabled":"default","ast-page-background-meta":{"desktop":{"background-color":"var(--ast-global-color-4)","background-image":"","background-repeat":"repeat","background-position":"center center","background-size":"auto","background-attachment":"scroll","background-type":"","background-media":"","overlay-type":"","overlay-color":"","overlay-opacity":"","overlay-gradient":""},"tablet":{"background-color":"","background-image":"","background-repeat":"repeat","background-position":"center center","background-size":"auto","background-attachment":"scroll","background-type":"","background-media":"","overlay-type":"","overlay-color":"","overlay-opacity":"","overlay-gradient":""},"mobile":{"background-color":"","background-image":"","background-repeat":"repeat","background-position":"center center","background-size":"auto","background-attachment":"scroll","background-type":"","background-media":"","overlay-type":"","overlay-color":"","overlay-opacity":"","overlay-gradient":""}},"ast-content-background-meta":{"desktop":{"background-color":"var(--ast-global-color-5)","background-image":"","background-repeat":"repeat","background-position":"center center","background-size":"auto","background-attachment":"scroll","background-type":"","background-media":"","overlay-type":"","overlay-color":"","overlay-opacity":"","overlay-gradient":""},"tablet":{"background-color":"var(--ast-global-color-5)","background-image":"","background-repeat":"repeat","background-position":"center center","background-size":"auto","background-attachment":"scroll","background-type":"","background-media":"","overlay-type":"","overlay-color":"","overlay-opacity":"","overlay-gradient":""},"mobile":{"background-color":"var(--ast-global-color-5)","background-image":"","background-repeat":"repeat","background-position":"center center","background-size":"auto","background-attachment":"scroll","background-type":"","background-media":"","overlay-type":"","overlay-color":"","overlay-opacity":"","overlay-gradient":""}},"footnotes":""},"class_list":["post-673","page","type-page","status-publish","hentry"],"_links":{"self":[{"href":"https:\/\/www.martinellifenzo.com\/es\/wp-json\/wp\/v2\/pages\/673","targetHints":{"allow":["GET"]}}],"collection":[{"href":"https:\/\/www.martinellifenzo.com\/es\/wp-json\/wp\/v2\/pages"}],"about":[{"href":"https:\/\/www.martinellifenzo.com\/es\/wp-json\/wp\/v2\/types\/page"}],"author":[{"embeddable":true,"href":"https:\/\/www.martinellifenzo.com\/es\/wp-json\/wp\/v2\/users\/1"}],"replies":[{"embeddable":true,"href":"https:\/\/www.martinellifenzo.com\/es\/wp-json\/wp\/v2\/comments?post=673"}],"version-history":[{"count":1,"href":"https:\/\/www.martinellifenzo.com\/es\/wp-json\/wp\/v2\/pages\/673\/revisions"}],"predecessor-version":[{"id":681,"href":"https:\/\/www.martinellifenzo.com\/es\/wp-json\/wp\/v2\/pages\/673\/revisions\/681"}],"wp:attachment":[{"href":"https:\/\/www.martinellifenzo.com\/es\/wp-json\/wp\/v2\/media?parent=673"}],"curies":[{"name":"wp","href":"https:\/\/api.w.org\/{rel}","templated":true}]}}