{"id":484,"date":"2023-01-23T09:26:17","date_gmt":"2023-01-23T09:26:17","guid":{"rendered":"http:\/\/www.martinellifenzo.com\/l-unico\/"},"modified":"2023-01-23T09:52:56","modified_gmt":"2023-01-23T09:52:56","slug":"l-unico","status":"publish","type":"page","link":"https:\/\/www.martinellifenzo.com\/es\/l-unico\/","title":{"rendered":"L&#8217;unico"},"content":{"rendered":"\n<figure class=\"wp-block-embed is-type-video is-provider-youtube wp-block-embed-youtube wp-embed-aspect-16-9 wp-has-aspect-ratio\"><div class=\"wp-block-embed__wrapper\">\n<div class=\"ast-oembed-container \" style=\"height: 100%;\"><iframe loading=\"lazy\" title=\"Saca Rolhas Automatico L&#039;Unico.flv\" width=\"500\" height=\"281\" src=\"https:\/\/www.youtube.com\/embed\/zhCPw-32oME?feature=oembed\" frameborder=\"0\" allow=\"accelerometer; autoplay; clipboard-write; encrypted-media; gyroscope; picture-in-picture; web-share\" referrerpolicy=\"strict-origin-when-cross-origin\" allowfullscreen><\/iframe><\/div>\n<\/div><\/figure>\n\n\n\n<h2 class=\"wp-block-heading\">\u201cL\u2019Unico\u201d Sacacorchos<\/h2>\n\n\n<div class=\"et_pb_text et_pb_module et_pb_bg_layout_light et_pb_text_align_left  et_pb_text_1\">\n<div class=\"et_pb_text et_pb_module et_pb_bg_layout_light et_pb_text_align_left  et_pb_text_1\">\n<p>UNICO es el <strong>sacacorchos autom\u00e1tico pr\u00e1ctico<\/strong> y seguro, elegante en su material pl\u00e1stico en varios colores, la demostraci\u00f3n de dise\u00f1o innovador.<\/p>\n<p><strong>F\u00e1cil en el funcionamiento<\/strong>: es suficiente con girar el p\u00f3mulo en sentido horario de que el corcho sale disparando sin esfuerzo!<\/p>\n<p>Por lo tanto, el sacacorchos UNICO es un <strong>muy pr\u00e1ctico y f\u00e1cil de usar<\/strong>, incluso objeto ideal para hacer un regalo agradable y \u00fatil a los amigos y familiares, un accesorio que se presta particularmente bien a estar expuesto en pormayor y tiendas de art\u00edculos para la casa, mayoristas de Gadget y art\u00edculos de regalo.<\/p>\n<p>Disponible en <strong>confecciones individuales transparentes<\/strong>, a solicitud vendr\u00e1n enviados tambi\u00e9n expositores de colores y atractivos, mira en el video lo f\u00e1cil que es de usar!<\/p>\n<\/div>\n<\/div>\n\n\n<div class=\"wp-block-columns is-layout-flex wp-container-core-columns-is-layout-28f84493 wp-block-columns-is-layout-flex\">\n<div class=\"wp-block-column is-layout-flow wp-block-column-is-layout-flow\">\n<figure class=\"wp-block-image aligncenter size-full\"><img loading=\"lazy\" decoding=\"async\" width=\"419\" height=\"659\" src=\"http:\/\/www.martinellifenzo.com\/wp-content\/uploads\/2023\/01\/unico-confezione-singola.png\" alt=\"\" class=\"wp-image-470\" srcset=\"https:\/\/www.martinellifenzo.com\/wp-content\/uploads\/2023\/01\/unico-confezione-singola.png 419w, https:\/\/www.martinellifenzo.com\/wp-content\/uploads\/2023\/01\/unico-confezione-singola-191x300.png 191w\" sizes=\"auto, (max-width: 419px) 100vw, 419px\" \/><figcaption class=\"wp-element-caption\">L Unico Solo Pack<\/figcaption><\/figure>\n<\/div>\n\n\n\n<div class=\"wp-block-column is-layout-flow wp-block-column-is-layout-flow\">\n<figure class=\"wp-block-image aligncenter size-full\"><img loading=\"lazy\" decoding=\"async\" width=\"373\" height=\"400\" src=\"http:\/\/www.martinellifenzo.com\/wp-content\/uploads\/2023\/01\/L-Unico-Confezione-Espositore.png\" alt=\"\" class=\"wp-image-475\" srcset=\"https:\/\/www.martinellifenzo.com\/wp-content\/uploads\/2023\/01\/L-Unico-Confezione-Espositore.png 373w, https:\/\/www.martinellifenzo.com\/wp-content\/uploads\/2023\/01\/L-Unico-Confezione-Espositore-280x300.png 280w\" sizes=\"auto, (max-width: 373px) 100vw, 373px\" \/><figcaption class=\"wp-element-caption\">L Unico Confecci\u00f3n Espositor<\/figcaption><\/figure>\n<\/div>\n<\/div>\n\n\n<div class=\" et_pb_row et_pb_row_3\">\n<div class=\"et_pb_column et_pb_column_4_4  et_pb_column_4\">\n<div class=\"et_pb_text et_pb_module et_pb_bg_layout_light et_pb_text_align_center  et_pb_text_4\">\n<div class=\"et_pb_column et_pb_column_4_4  et_pb_column_4\">\n<div class=\"et_pb_text et_pb_module et_pb_bg_layout_light et_pb_text_align_left  et_pb_text_4\">\n<p style=\"text-align: center;\">* Publicidad cajas est\u00e1n disponibles bajo petici\u00f3n.<br \/>Se suministran vac\u00edos para armar.<br \/>(Fotos de demostraci\u00f3n solamente a)<\/p>\n<\/div>\n<\/div>\n<\/div>\n<\/div>\n<\/div>","protected":false},"excerpt":{"rendered":"<p>\u201cL\u2019Unico\u201d Sacacorchos UNICO es el sacacorchos autom\u00e1tico pr\u00e1ctico y seguro, elegante en su material pl\u00e1stico en varios colores, la demostraci\u00f3n de dise\u00f1o innovador. F\u00e1cil en el funcionamiento: es suficiente con girar el p\u00f3mulo en sentido horario de que el corcho sale disparando sin esfuerzo! Por lo tanto, el sacacorchos UNICO es un muy pr\u00e1ctico y [&hellip;]<\/p>\n","protected":false},"author":3,"featured_media":0,"parent":0,"menu_order":0,"comment_status":"closed","ping_status":"closed","template":"","meta":{"site-sidebar-layout":"default","site-content-layout":"","ast-site-content-layout":"default","site-content-style":"default","site-sidebar-style":"default","ast-global-header-display":"","ast-banner-title-visibility":"","ast-main-header-display":"","ast-hfb-above-header-display":"","ast-hfb-below-header-display":"","ast-hfb-mobile-header-display":"","site-post-title":"disabled","ast-breadcrumbs-content":"","ast-featured-img":"","footer-sml-layout":"","theme-transparent-header-meta":"","adv-header-id-meta":"","stick-header-meta":"","header-above-stick-meta":"","header-main-stick-meta":"","header-below-stick-meta":"","astra-migrate-meta-layouts":"default","ast-page-background-enabled":"default","ast-page-background-meta":{"desktop":{"background-color":"var(--ast-global-color-4)","background-image":"","background-repeat":"repeat","background-position":"center center","background-size":"auto","background-attachment":"scroll","background-type":"","background-media":"","overlay-type":"","overlay-color":"","overlay-opacity":"","overlay-gradient":""},"tablet":{"background-color":"","background-image":"","background-repeat":"repeat","background-position":"center center","background-size":"auto","background-attachment":"scroll","background-type":"","background-media":"","overlay-type":"","overlay-color":"","overlay-opacity":"","overlay-gradient":""},"mobile":{"background-color":"","background-image":"","background-repeat":"repeat","background-position":"center center","background-size":"auto","background-attachment":"scroll","background-type":"","background-media":"","overlay-type":"","overlay-color":"","overlay-opacity":"","overlay-gradient":""}},"ast-content-background-meta":{"desktop":{"background-color":"var(--ast-global-color-5)","background-image":"","background-repeat":"repeat","background-position":"center center","background-size":"auto","background-attachment":"scroll","background-type":"","background-media":"","overlay-type":"","overlay-color":"","overlay-opacity":"","overlay-gradient":""},"tablet":{"background-color":"var(--ast-global-color-5)","background-image":"","background-repeat":"repeat","background-position":"center center","background-size":"auto","background-attachment":"scroll","background-type":"","background-media":"","overlay-type":"","overlay-color":"","overlay-opacity":"","overlay-gradient":""},"mobile":{"background-color":"var(--ast-global-color-5)","background-image":"","background-repeat":"repeat","background-position":"center center","background-size":"auto","background-attachment":"scroll","background-type":"","background-media":"","overlay-type":"","overlay-color":"","overlay-opacity":"","overlay-gradient":""}},"footnotes":""},"class_list":["post-484","page","type-page","status-publish","hentry"],"_links":{"self":[{"href":"https:\/\/www.martinellifenzo.com\/es\/wp-json\/wp\/v2\/pages\/484","targetHints":{"allow":["GET"]}}],"collection":[{"href":"https:\/\/www.martinellifenzo.com\/es\/wp-json\/wp\/v2\/pages"}],"about":[{"href":"https:\/\/www.martinellifenzo.com\/es\/wp-json\/wp\/v2\/types\/page"}],"author":[{"embeddable":true,"href":"https:\/\/www.martinellifenzo.com\/es\/wp-json\/wp\/v2\/users\/3"}],"replies":[{"embeddable":true,"href":"https:\/\/www.martinellifenzo.com\/es\/wp-json\/wp\/v2\/comments?post=484"}],"version-history":[{"count":2,"href":"https:\/\/www.martinellifenzo.com\/es\/wp-json\/wp\/v2\/pages\/484\/revisions"}],"predecessor-version":[{"id":502,"href":"https:\/\/www.martinellifenzo.com\/es\/wp-json\/wp\/v2\/pages\/484\/revisions\/502"}],"wp:attachment":[{"href":"https:\/\/www.martinellifenzo.com\/es\/wp-json\/wp\/v2\/media?parent=484"}],"curies":[{"name":"wp","href":"https:\/\/api.w.org\/{rel}","templated":true}]}}