{"id":381,"date":"2023-01-23T08:06:26","date_gmt":"2023-01-23T08:06:26","guid":{"rendered":"http:\/\/www.martinellifenzo.com\/perfecto\/"},"modified":"2023-01-26T17:07:59","modified_gmt":"2023-01-26T17:07:59","slug":"perfecto","status":"publish","type":"page","link":"https:\/\/www.martinellifenzo.com\/es\/perfecto\/","title":{"rendered":"Perfecto"},"content":{"rendered":"\n<figure class=\"wp-block-video\"><video height=\"720\" style=\"aspect-ratio: 1280 \/ 720;\" width=\"1280\" controls loop poster=\"http:\/\/www.martinellifenzo.com\/wp-content\/uploads\/2023\/01\/snapshot-perfecto.png\" src=\"http:\/\/www.martinellifenzo.com\/wp-content\/uploads\/2023\/01\/Needle-Threader-PERFECTO-1-5.mp4\"><\/video><\/figure>\n\n\n\n<h2 class=\"wp-block-heading\">\u201cPerfecto\u201d enhebra-agujas autom\u00e1tico<\/h2>\n\n\n<div class=\"et_pb_text et_pb_module et_pb_bg_layout_light et_pb_text_align_left  et_pb_text_1\">PERFECTO es el aparato universal enhebra agujas, para todos los tipos de agujas, desde aquellos grandes de lana y bordado hasta los sutiles n. 10\/12 para la seda.<br \/>La caracter\u00edstica que distingue al Perfecto desde las otras enhebradoras es la de ser la \u00fanica que tiene 3 canales, uno de los cuales para las agujas gruesas de lana y bordados, as\u00ed que este es uno de los productos m\u00e1s completos y adecuados para cada tipo de marketing , desde la mercer\u00eda hasta el bazar y tiendas con ventas de accesorios para sastres y tejidos en general.<br \/>Perfecto l\u2019enhebradora es un producto a bajo coste, pero sumamente funcional y de calidad elevada Made in Italy 100%!<\/div>\n\n\n<div class=\"wp-block-columns is-layout-flex wp-container-core-columns-is-layout-28f84493 wp-block-columns-is-layout-flex\">\n<div class=\"wp-block-column is-layout-flow wp-block-column-is-layout-flow\">\n<figure class=\"wp-block-image aligncenter size-full\"><img loading=\"lazy\" decoding=\"async\" width=\"594\" height=\"505\" src=\"http:\/\/www.martinellifenzo.com\/wp-content\/uploads\/2023\/01\/perfecto-espositore.jpg\" alt=\"\" class=\"wp-image-357\" srcset=\"https:\/\/www.martinellifenzo.com\/wp-content\/uploads\/2023\/01\/perfecto-espositore.jpg 594w, https:\/\/www.martinellifenzo.com\/wp-content\/uploads\/2023\/01\/perfecto-espositore-300x255.jpg 300w\" sizes=\"auto, (max-width: 594px) 100vw, 594px\" \/><figcaption class=\"wp-element-caption\">Perfecto Expositora 10 Piezas<\/figcaption><\/figure>\n<\/div>\n\n\n\n<div class=\"wp-block-column is-layout-flow wp-block-column-is-layout-flow\">\n<figure class=\"wp-block-image aligncenter size-full\"><img loading=\"lazy\" decoding=\"async\" width=\"691\" height=\"484\" src=\"http:\/\/www.martinellifenzo.com\/wp-content\/uploads\/2023\/01\/perfecto-esp-100.jpg\" alt=\"\" class=\"wp-image-362\" srcset=\"https:\/\/www.martinellifenzo.com\/wp-content\/uploads\/2023\/01\/perfecto-esp-100.jpg 691w, https:\/\/www.martinellifenzo.com\/wp-content\/uploads\/2023\/01\/perfecto-esp-100-300x210.jpg 300w\" sizes=\"auto, (max-width: 691px) 100vw, 691px\" \/><figcaption class=\"wp-element-caption\">Perfecto Expositora 50 Piezas<\/figcaption><\/figure>\n<\/div>\n<\/div>\n\n\n\n<div class=\"wp-block-columns is-layout-flex wp-container-core-columns-is-layout-28f84493 wp-block-columns-is-layout-flex\">\n<div class=\"wp-block-column is-layout-flow wp-block-column-is-layout-flow\">\n<figure class=\"wp-block-image aligncenter size-full\"><img loading=\"lazy\" decoding=\"async\" width=\"150\" height=\"107\" src=\"http:\/\/www.martinellifenzo.com\/wp-content\/uploads\/2023\/01\/Perfecto-scatola-trasparente.jpg\" alt=\"\" class=\"wp-image-367\"\/><figcaption class=\"wp-element-caption\">Perfecto Caja Transparente<\/figcaption><\/figure>\n<\/div>\n\n\n\n<div class=\"wp-block-column is-layout-flow wp-block-column-is-layout-flow\">\n<figure class=\"wp-block-image aligncenter size-full\"><img loading=\"lazy\" decoding=\"async\" width=\"600\" height=\"877\" src=\"http:\/\/www.martinellifenzo.com\/wp-content\/uploads\/2023\/01\/Perfecto-Confezione-Skin-Pack.jpg\" alt=\"\" class=\"wp-image-372\" srcset=\"https:\/\/www.martinellifenzo.com\/wp-content\/uploads\/2023\/01\/Perfecto-Confezione-Skin-Pack.jpg 600w, https:\/\/www.martinellifenzo.com\/wp-content\/uploads\/2023\/01\/Perfecto-Confezione-Skin-Pack-205x300.jpg 205w\" sizes=\"auto, (max-width: 600px) 100vw, 600px\" \/><figcaption class=\"wp-element-caption\">Perfecto Confecci\u00f3n Skin Pack<\/figcaption><\/figure>\n<\/div>\n<\/div>\n\n\n<p style=\"text-align: center;\">* Publicidad cajas est\u00e1n disponibles bajo petici\u00f3n.<br \/>Se suministran vac\u00edos para armar.<br \/>(Fotos de demostraci\u00f3n solamente a)<\/p>","protected":false},"excerpt":{"rendered":"<p>\u201cPerfecto\u201d enhebra-agujas autom\u00e1tico PERFECTO es el aparato universal enhebra agujas, para todos los tipos de agujas, desde aquellos grandes de lana y bordado hasta los sutiles n. 10\/12 para la seda.La caracter\u00edstica que distingue al Perfecto desde las otras enhebradoras es la de ser la \u00fanica que tiene 3 canales, uno de los cuales para [&hellip;]<\/p>\n","protected":false},"author":3,"featured_media":0,"parent":0,"menu_order":0,"comment_status":"closed","ping_status":"closed","template":"","meta":{"site-sidebar-layout":"default","site-content-layout":"","ast-site-content-layout":"default","site-content-style":"default","site-sidebar-style":"default","ast-global-header-display":"","ast-banner-title-visibility":"","ast-main-header-display":"","ast-hfb-above-header-display":"","ast-hfb-below-header-display":"","ast-hfb-mobile-header-display":"","site-post-title":"disabled","ast-breadcrumbs-content":"","ast-featured-img":"","footer-sml-layout":"","theme-transparent-header-meta":"","adv-header-id-meta":"","stick-header-meta":"","header-above-stick-meta":"","header-main-stick-meta":"","header-below-stick-meta":"","astra-migrate-meta-layouts":"default","ast-page-background-enabled":"default","ast-page-background-meta":{"desktop":{"background-color":"var(--ast-global-color-4)","background-image":"","background-repeat":"repeat","background-position":"center center","background-size":"auto","background-attachment":"scroll","background-type":"","background-media":"","overlay-type":"","overlay-color":"","overlay-opacity":"","overlay-gradient":""},"tablet":{"background-color":"","background-image":"","background-repeat":"repeat","background-position":"center center","background-size":"auto","background-attachment":"scroll","background-type":"","background-media":"","overlay-type":"","overlay-color":"","overlay-opacity":"","overlay-gradient":""},"mobile":{"background-color":"","background-image":"","background-repeat":"repeat","background-position":"center center","background-size":"auto","background-attachment":"scroll","background-type":"","background-media":"","overlay-type":"","overlay-color":"","overlay-opacity":"","overlay-gradient":""}},"ast-content-background-meta":{"desktop":{"background-color":"var(--ast-global-color-5)","background-image":"","background-repeat":"repeat","background-position":"center center","background-size":"auto","background-attachment":"scroll","background-type":"","background-media":"","overlay-type":"","overlay-color":"","overlay-opacity":"","overlay-gradient":""},"tablet":{"background-color":"var(--ast-global-color-5)","background-image":"","background-repeat":"repeat","background-position":"center center","background-size":"auto","background-attachment":"scroll","background-type":"","background-media":"","overlay-type":"","overlay-color":"","overlay-opacity":"","overlay-gradient":""},"mobile":{"background-color":"var(--ast-global-color-5)","background-image":"","background-repeat":"repeat","background-position":"center center","background-size":"auto","background-attachment":"scroll","background-type":"","background-media":"","overlay-type":"","overlay-color":"","overlay-opacity":"","overlay-gradient":""}},"footnotes":""},"class_list":["post-381","page","type-page","status-publish","hentry"],"_links":{"self":[{"href":"https:\/\/www.martinellifenzo.com\/es\/wp-json\/wp\/v2\/pages\/381","targetHints":{"allow":["GET"]}}],"collection":[{"href":"https:\/\/www.martinellifenzo.com\/es\/wp-json\/wp\/v2\/pages"}],"about":[{"href":"https:\/\/www.martinellifenzo.com\/es\/wp-json\/wp\/v2\/types\/page"}],"author":[{"embeddable":true,"href":"https:\/\/www.martinellifenzo.com\/es\/wp-json\/wp\/v2\/users\/3"}],"replies":[{"embeddable":true,"href":"https:\/\/www.martinellifenzo.com\/es\/wp-json\/wp\/v2\/comments?post=381"}],"version-history":[{"count":1,"href":"https:\/\/www.martinellifenzo.com\/es\/wp-json\/wp\/v2\/pages\/381\/revisions"}],"predecessor-version":[{"id":811,"href":"https:\/\/www.martinellifenzo.com\/es\/wp-json\/wp\/v2\/pages\/381\/revisions\/811"}],"wp:attachment":[{"href":"https:\/\/www.martinellifenzo.com\/es\/wp-json\/wp\/v2\/media?parent=381"}],"curies":[{"name":"wp","href":"https:\/\/api.w.org\/{rel}","templated":true}]}}