{"id":264,"date":"2023-01-20T11:38:50","date_gmt":"2023-01-20T11:38:50","guid":{"rendered":"http:\/\/www.martinellifenzo.com\/infila\/"},"modified":"2023-01-20T12:02:24","modified_gmt":"2023-01-20T12:02:24","slug":"infila","status":"publish","type":"page","link":"https:\/\/www.martinellifenzo.com\/es\/infila\/","title":{"rendered":"Infila"},"content":{"rendered":"\n<figure class=\"wp-block-video\"><video height=\"720\" style=\"aspect-ratio: 1280 \/ 720;\" width=\"1280\" controls loop poster=\"http:\/\/www.martinellifenzo.com\/wp-content\/uploads\/2023\/01\/snapshot_infila.png\" src=\"http:\/\/www.martinellifenzo.com\/wp-content\/uploads\/2023\/01\/Needle-Threader-INFILA-3.mp4\"><\/video><\/figure>\n\n\n\n<h2 class=\"wp-block-heading\">\u201cInfila\u201d enhebra-agujas autom\u00e1tico<\/h2>\n\n\n<div class=\"et_pb_text et_pb_module et_pb_bg_layout_light et_pb_text_align_left  et_pb_text_1\">\n<div class=\"et_pb_text et_pb_module et_pb_bg_layout_light et_pb_text_align_left  et_pb_text_1\">\n<p>INFILA es el aparato <strong>enhebra agujas por agujas grandes<\/strong>, de lana y por agujas finas y sutiles de costura normal; \u00a1con INFILA podr\u00e1s enhebrar las agujas hasta con los ojos cerrados!<\/p>\n<p>Tambi\u00e9n este objeto, exactamente como el Perfecto, es uno de <strong>nuestros productos de punta<\/strong>, que comercializamos en todo el mundo y distribuimos a Mercer\u00edas, Grandes Almacenes, Reventas de Art\u00edculos por Casas de moda, Accesorios por el Tejido, Art\u00edculos de Bordado etc\u00e9tera.<\/p>\n<p>Un \u00f3ptimo objeto este tambi\u00e9n para todas aquellas tiendas que venden Hobby, Bricolaje, Art\u00edculos para el hogar y de Regalo, gracias a sus expositores suyos pintados y muy atractivos.<\/p>\n<p>\u00a1Si eres a la b\u00fasqueda de una manera <strong>para ahorrar tiempo precioso<\/strong> y para hacerlo ahorrarles a tus clientes, nosotros tenemos lo que est\u00e1s buscando!<\/p>\n<\/div>\n<\/div>\n\n\n<div class=\"wp-block-columns is-layout-flex wp-container-core-columns-is-layout-d7d455e7 wp-block-columns-is-layout-flex\" style=\"padding-top:0;padding-right:0;padding-bottom:0;padding-left:0\">\n<div class=\"wp-block-column is-layout-flow wp-block-column-is-layout-flow\">\n<figure class=\"wp-block-image aligncenter size-full\"><img loading=\"lazy\" decoding=\"async\" width=\"583\" height=\"512\" src=\"http:\/\/www.martinellifenzo.com\/wp-content\/uploads\/2023\/01\/espositore-10-pezzi.jpg\" alt=\"\" class=\"wp-image-235\" srcset=\"https:\/\/www.martinellifenzo.com\/wp-content\/uploads\/2023\/01\/espositore-10-pezzi.jpg 583w, https:\/\/www.martinellifenzo.com\/wp-content\/uploads\/2023\/01\/espositore-10-pezzi-300x263.jpg 300w\" sizes=\"auto, (max-width: 583px) 100vw, 583px\" \/><figcaption class=\"wp-element-caption\">Infila Expositora 10 Piezas<\/figcaption><\/figure>\n<\/div>\n\n\n\n<div class=\"wp-block-column is-layout-flow wp-block-column-is-layout-flow\">\n<figure class=\"wp-block-image aligncenter size-full\"><img loading=\"lazy\" decoding=\"async\" width=\"693\" height=\"461\" src=\"http:\/\/www.martinellifenzo.com\/wp-content\/uploads\/2023\/01\/espositore-100-pezzi.jpg\" alt=\"\" class=\"wp-image-243\" srcset=\"https:\/\/www.martinellifenzo.com\/wp-content\/uploads\/2023\/01\/espositore-100-pezzi.jpg 693w, https:\/\/www.martinellifenzo.com\/wp-content\/uploads\/2023\/01\/espositore-100-pezzi-300x200.jpg 300w\" sizes=\"auto, (max-width: 693px) 100vw, 693px\" \/><figcaption class=\"wp-element-caption\">Infila Expositora 100 Piezas<\/figcaption><\/figure>\n<\/div>\n<\/div>\n\n\n\n<div class=\"wp-block-columns is-layout-flex wp-container-core-columns-is-layout-d7d455e7 wp-block-columns-is-layout-flex\" style=\"padding-top:0;padding-right:0;padding-bottom:0;padding-left:0\">\n<div class=\"wp-block-column is-layout-flow wp-block-column-is-layout-flow\">\n<figure class=\"wp-block-image aligncenter size-full\"><img loading=\"lazy\" decoding=\"async\" width=\"150\" height=\"107\" src=\"http:\/\/www.martinellifenzo.com\/wp-content\/uploads\/2023\/01\/Infila-confezione-in-scatola-trasparente.png\" alt=\"\" class=\"wp-image-250\"\/><figcaption class=\"wp-element-caption\">Infila Caja Transparente<\/figcaption><\/figure>\n<\/div>\n\n\n\n<div class=\"wp-block-column is-layout-flow wp-block-column-is-layout-flow\">\n<figure class=\"wp-block-image aligncenter size-full\"><img loading=\"lazy\" decoding=\"async\" width=\"420\" height=\"557\" src=\"http:\/\/www.martinellifenzo.com\/wp-content\/uploads\/2023\/01\/Infila-Confezione-Skin-Pack-chiara.jpg\" alt=\"\" class=\"wp-image-255\" srcset=\"https:\/\/www.martinellifenzo.com\/wp-content\/uploads\/2023\/01\/Infila-Confezione-Skin-Pack-chiara.jpg 420w, https:\/\/www.martinellifenzo.com\/wp-content\/uploads\/2023\/01\/Infila-Confezione-Skin-Pack-chiara-226x300.jpg 226w\" sizes=\"auto, (max-width: 420px) 100vw, 420px\" \/><figcaption class=\"wp-element-caption\">Infila Confecci\u00f3n Skin Pack<\/figcaption><\/figure>\n<\/div>\n<\/div>\n\n\n<div class=\"et_pb_text et_pb_module et_pb_bg_layout_light et_pb_text_align_center  et_pb_text_6\">\n<p style=\"text-align: center;\">* Publicidad cajas est\u00e1n disponibles bajo petici\u00f3n.<br>Se suministran vac\u00edos para armar.<br>(Fotos de demostraci\u00f3n solamente a)<\/p>\n<\/div>","protected":false},"excerpt":{"rendered":"<p>\u201cInfila\u201d enhebra-agujas autom\u00e1tico INFILA es el aparato enhebra agujas por agujas grandes, de lana y por agujas finas y sutiles de costura normal; \u00a1con INFILA podr\u00e1s enhebrar las agujas hasta con los ojos cerrados! Tambi\u00e9n este objeto, exactamente como el Perfecto, es uno de nuestros productos de punta, que comercializamos en todo el mundo y [&hellip;]<\/p>\n","protected":false},"author":3,"featured_media":0,"parent":0,"menu_order":0,"comment_status":"closed","ping_status":"closed","template":"","meta":{"site-sidebar-layout":"default","site-content-layout":"","ast-site-content-layout":"default","site-content-style":"default","site-sidebar-style":"default","ast-global-header-display":"","ast-banner-title-visibility":"","ast-main-header-display":"","ast-hfb-above-header-display":"","ast-hfb-below-header-display":"","ast-hfb-mobile-header-display":"","site-post-title":"disabled","ast-breadcrumbs-content":"","ast-featured-img":"","footer-sml-layout":"","theme-transparent-header-meta":"","adv-header-id-meta":"","stick-header-meta":"","header-above-stick-meta":"","header-main-stick-meta":"","header-below-stick-meta":"","astra-migrate-meta-layouts":"default","ast-page-background-enabled":"default","ast-page-background-meta":{"desktop":{"background-color":"var(--ast-global-color-4)","background-image":"","background-repeat":"repeat","background-position":"center center","background-size":"auto","background-attachment":"scroll","background-type":"","background-media":"","overlay-type":"","overlay-color":"","overlay-opacity":"","overlay-gradient":""},"tablet":{"background-color":"","background-image":"","background-repeat":"repeat","background-position":"center center","background-size":"auto","background-attachment":"scroll","background-type":"","background-media":"","overlay-type":"","overlay-color":"","overlay-opacity":"","overlay-gradient":""},"mobile":{"background-color":"","background-image":"","background-repeat":"repeat","background-position":"center center","background-size":"auto","background-attachment":"scroll","background-type":"","background-media":"","overlay-type":"","overlay-color":"","overlay-opacity":"","overlay-gradient":""}},"ast-content-background-meta":{"desktop":{"background-color":"var(--ast-global-color-5)","background-image":"","background-repeat":"repeat","background-position":"center center","background-size":"auto","background-attachment":"scroll","background-type":"","background-media":"","overlay-type":"","overlay-color":"","overlay-opacity":"","overlay-gradient":""},"tablet":{"background-color":"var(--ast-global-color-5)","background-image":"","background-repeat":"repeat","background-position":"center center","background-size":"auto","background-attachment":"scroll","background-type":"","background-media":"","overlay-type":"","overlay-color":"","overlay-opacity":"","overlay-gradient":""},"mobile":{"background-color":"var(--ast-global-color-5)","background-image":"","background-repeat":"repeat","background-position":"center center","background-size":"auto","background-attachment":"scroll","background-type":"","background-media":"","overlay-type":"","overlay-color":"","overlay-opacity":"","overlay-gradient":""}},"footnotes":""},"class_list":["post-264","page","type-page","status-publish","hentry"],"_links":{"self":[{"href":"https:\/\/www.martinellifenzo.com\/es\/wp-json\/wp\/v2\/pages\/264","targetHints":{"allow":["GET"]}}],"collection":[{"href":"https:\/\/www.martinellifenzo.com\/es\/wp-json\/wp\/v2\/pages"}],"about":[{"href":"https:\/\/www.martinellifenzo.com\/es\/wp-json\/wp\/v2\/types\/page"}],"author":[{"embeddable":true,"href":"https:\/\/www.martinellifenzo.com\/es\/wp-json\/wp\/v2\/users\/3"}],"replies":[{"embeddable":true,"href":"https:\/\/www.martinellifenzo.com\/es\/wp-json\/wp\/v2\/comments?post=264"}],"version-history":[{"count":3,"href":"https:\/\/www.martinellifenzo.com\/es\/wp-json\/wp\/v2\/pages\/264\/revisions"}],"predecessor-version":[{"id":296,"href":"https:\/\/www.martinellifenzo.com\/es\/wp-json\/wp\/v2\/pages\/264\/revisions\/296"}],"wp:attachment":[{"href":"https:\/\/www.martinellifenzo.com\/es\/wp-json\/wp\/v2\/media?parent=264"}],"curies":[{"name":"wp","href":"https:\/\/api.w.org\/{rel}","templated":true}]}}