{"id":210,"date":"2023-01-20T10:01:31","date_gmt":"2023-01-20T10:01:31","guid":{"rendered":"http:\/\/www.martinellifenzo.com\/prodotti\/"},"modified":"2023-01-26T17:01:48","modified_gmt":"2023-01-26T17:01:48","slug":"productos","status":"publish","type":"page","link":"https:\/\/www.martinellifenzo.com\/es\/productos\/","title":{"rendered":"Productos Martinelli Fenzo"},"content":{"rendered":"\n<figure class=\"wp-block-image aligncenter size-full\"><img loading=\"lazy\" decoding=\"async\" width=\"440\" height=\"178\" src=\"http:\/\/www.martinellifenzo.com\/wp-content\/uploads\/2023\/01\/martinelli-prodotti-ok.jpg\" alt=\"\" class=\"wp-image-98\" srcset=\"https:\/\/www.martinellifenzo.com\/wp-content\/uploads\/2023\/01\/martinelli-prodotti-ok.jpg 440w, https:\/\/www.martinellifenzo.com\/wp-content\/uploads\/2023\/01\/martinelli-prodotti-ok-300x121.jpg 300w\" sizes=\"auto, (max-width: 440px) 100vw, 440px\" \/><\/figure>\n\n\n<div class=\"et_pb_text et_pb_module et_pb_bg_layout_light et_pb_text_align_left  et_pb_text_1\">\n<div class=\"et_pb_text et_pb_module et_pb_bg_layout_light et_pb_text_align_left  et_pb_text_1\">\n<p>Los objetos estudiados y realizados por <strong>Urania son todos productos Made in Italy<\/strong> y son probados directamente con la m\u00e1xima cura por nuestra empresa.<br><span id=\"more-82\"><\/span>De los accesorios por la costura a los accesorios por la casa, Urania planea, imprime y comercializa en su f\u00e1brica una l\u00ednea completa de objetos para simplificar la vida!<\/p>\n<p>Nuestra empresa es <strong>conocida en todo el mundo para la producci\u00f3n de aparatos enhebradores autom\u00e1ticos<\/strong> para cualquier tipo de aguja e hilo para m\u00e1quinas de coser, pero tambi\u00e9n producimos formas para tender los zapatos de hombres, mujeres y ni\u00f1os y sacacorchos para destapar cada botella sin esfuerzo.<\/p>\n<p>Todos <strong>nuestros productos tienen un dise\u00f1o exclusivo y original<\/strong> del gran impacto visual, uniendo as\u00ed la utilidad a una componente est\u00e9tica de segura llamada por todas aquellos empresas que decidir\u00e1n comercializar nuestros objetos.<\/p>\n<p><strong>Tenemos clientes en todo el mundo<\/strong> y el principal objetivo a cuyo nos dirigimos es representado de: Mercer\u00edas, Tiendas de Art\u00edculos para Casas de moda, Tiendas de Hobby&amp;Bricolaje, Tiendas de Bordado y Accesorios, Bazar, Asociaciones para Minusv\u00e1lido y Ancianos, Mayoristas y Tiendas de Art\u00edculos por la Casa y de Regalo, Mayoristas de Gadget y Art\u00edculos Promocionales, Accesorios por tejidos, etc<\/p>\n<p>Las categor\u00edas sobre emplazadas comprenden solamente una peque\u00f1a parte de nuestros potenciales clientes que, queriendo, puede expandirse tranquilamente a todos los que quieren probar nuevos art\u00edculos, bellos, f\u00e1ciles de usar y sobre todo \u00fatiles, gracias a una gama completa por cada exigencia.<\/p>\n<\/div>\n<\/div>\n\n\n<div class=\"wp-block-columns is-layout-flex wp-container-core-columns-is-layout-5c5cdacd wp-block-columns-is-layout-flex\" style=\"border-style:none;border-width:0px;padding-top:var(--wp--preset--spacing--20);padding-right:var(--wp--preset--spacing--20);padding-bottom:var(--wp--preset--spacing--20);padding-left:var(--wp--preset--spacing--20)\">\n<div class=\"wp-block-column has-border-color has-pale-cyan-blue-border-color is-layout-flow wp-block-column-is-layout-flow\" style=\"border-width:2px\">\n<h2 class=\"has-text-align-center has-pale-cyan-blue-color has-ast-global-color-5-background-color has-text-color has-background has-large-font-size wp-block-heading\" style=\"margin-top:0;margin-right:0;margin-bottom:0;margin-left:0;padding-top:var(--wp--preset--spacing--60);padding-right:var(--wp--preset--spacing--60);padding-bottom:var(--wp--preset--spacing--60);padding-left:var(--wp--preset--spacing--60)\"><a href=\"http:\/\/www.martinellifenzo.com\/es\/infila\/\" data-type=\"page\" data-id=\"264\">INFILA<\/a><\/h2>\n\n\n\n<div class=\"et_pb_text et_pb_module et_pb_bg_layout_light et_pb_text_align_center  et_pb_text_2\">\n<div class=\"et_pb_text et_pb_module et_pb_bg_layout_light et_pb_text_align_center  et_pb_text_2\">\n<p style=\"text-align: center;\"><a href=\"http:\/\/www.martinellifenzo.com\/es\/infila\/\">enhebra agujas autom\u00e1tico lana y costura<\/a><\/p>\n<\/div>\n<\/div>\n<\/div>\n\n\n\n<div class=\"wp-block-column has-border-color has-pale-cyan-blue-border-color is-layout-flow wp-block-column-is-layout-flow\" style=\"border-width:2px\">\n<h2 class=\"has-text-align-center has-pale-cyan-blue-color has-ast-global-color-5-background-color has-text-color has-background has-large-font-size wp-block-heading\" style=\"margin-top:0;margin-right:0;margin-bottom:0;margin-left:0;padding-top:var(--wp--preset--spacing--60);padding-right:var(--wp--preset--spacing--60);padding-bottom:var(--wp--preset--spacing--60);padding-left:var(--wp--preset--spacing--60)\"><a href=\"http:\/\/www.martinellifenzo.com\/es\/perfecto\/\" data-type=\"page\" data-id=\"381\">PERFECTO<\/a><\/h2>\n\n\n\n<div class=\"et_pb_text et_pb_module et_pb_bg_layout_light et_pb_text_align_left  et_pb_text_3\">\n<div class=\"et_pb_text et_pb_module et_pb_bg_layout_light et_pb_text_align_left  et_pb_text_3\">\n<p style=\"text-align: center;\"><a href=\"http:\/\/www.martinellifenzo.com\/es\/perfecto\/\">enhebra agujas autom\u00e1tico 3 canales<\/a><\/p>\n<\/div>\n<\/div>\n<\/div>\n\n\n\n<div class=\"wp-block-column has-border-color has-pale-cyan-blue-border-color is-layout-flow wp-block-column-is-layout-flow\" style=\"border-width:2px\">\n<h2 class=\"has-text-align-center has-pale-cyan-blue-color has-ast-global-color-5-background-color has-text-color has-background has-large-font-size wp-block-heading\" style=\"padding-top:var(--wp--preset--spacing--60);padding-right:var(--wp--preset--spacing--60);padding-bottom:var(--wp--preset--spacing--60);padding-left:var(--wp--preset--spacing--60)\"><a href=\"http:\/\/www.martinellifenzo.com\/es\/elite\/\" data-type=\"page\" data-id=\"707\">ELITE<\/a><\/h2>\n\n\n\n<div class=\"et_pb_text et_pb_module et_pb_bg_layout_light et_pb_text_align_left  et_pb_text_4\">\n<div class=\"et_pb_text et_pb_module et_pb_bg_layout_light et_pb_text_align_left  et_pb_text_4\">\n<p style=\"text-align: center;\"><a href=\"http:\/\/www.martinellifenzo.com\/es\/elite\/\">enhebra agujas autom\u00e1tico con un canal<\/a><\/p>\n<\/div>\n<\/div>\n<\/div>\n<\/div>\n\n\n\n<div class=\"wp-block-columns is-layout-flex wp-container-core-columns-is-layout-5c5cdacd wp-block-columns-is-layout-flex\" style=\"border-style:none;border-width:0px;padding-top:var(--wp--preset--spacing--20);padding-right:var(--wp--preset--spacing--20);padding-bottom:var(--wp--preset--spacing--20);padding-left:var(--wp--preset--spacing--20)\">\n<div class=\"wp-block-column has-border-color has-pale-cyan-blue-border-color is-layout-flow wp-block-column-is-layout-flow\" style=\"border-width:2px\">\n<h2 class=\"has-text-align-center has-pale-cyan-blue-color has-ast-global-color-5-background-color has-text-color has-background has-large-font-size wp-block-heading\" style=\"margin-top:0;margin-right:0;margin-bottom:0;margin-left:0;padding-top:var(--wp--preset--spacing--60);padding-right:var(--wp--preset--spacing--60);padding-bottom:var(--wp--preset--spacing--60);padding-left:var(--wp--preset--spacing--60)\"><a href=\"http:\/\/www.martinellifenzo.com\/es\/blue-elite\/\" data-type=\"page\" data-id=\"689\">BLU ELITE<\/a><\/h2>\n\n\n\n<div class=\"et_pb_text et_pb_module et_pb_bg_layout_light et_pb_text_align_center  et_pb_text_2\">\n<div class=\"et_pb_text et_pb_module et_pb_bg_layout_light et_pb_text_align_center  et_pb_text_5\">\n<div class=\"et_pb_text et_pb_module et_pb_bg_layout_light et_pb_text_align_center  et_pb_text_5\">\n<p style=\"text-align: center;\"><a href=\"http:\/\/www.martinellifenzo.com\/es\/blue-elite\/\">enhebra agujas autom\u00e1tico un canal con base<\/a><\/p>\n<\/div>\n<\/div>\n<\/div>\n<\/div>\n\n\n\n<div class=\"wp-block-column has-border-color has-pale-cyan-blue-border-color is-layout-flow wp-block-column-is-layout-flow\" style=\"border-width:2px\">\n<h2 class=\"has-text-align-center has-pale-cyan-blue-color has-ast-global-color-5-background-color has-text-color has-background has-large-font-size wp-block-heading\" style=\"margin-top:0;margin-right:0;margin-bottom:0;margin-left:0;padding-top:var(--wp--preset--spacing--60);padding-right:var(--wp--preset--spacing--60);padding-bottom:var(--wp--preset--spacing--60);padding-left:var(--wp--preset--spacing--60)\"><a href=\"http:\/\/www.martinellifenzo.com\/es\/ez-in\/\" data-type=\"page\" data-id=\"673\">EZ IN<\/a><\/h2>\n\n\n\n<div class=\"et_pb_text et_pb_module et_pb_bg_layout_light et_pb_text_align_left  et_pb_text_3\">\n<div class=\"et_pb_text et_pb_module et_pb_bg_layout_light et_pb_text_align_left  et_pb_text_6\">\n<div class=\"et_pb_text et_pb_module et_pb_bg_layout_light et_pb_text_align_left  et_pb_text_6\">\n<p style=\"text-align: center;\"><a href=\"http:\/\/www.martinellifenzo.com\/es\/ez-in\/\">enhebra agujas autom\u00e1tico para m\u00e1quina de costura<\/a><\/p>\n<\/div>\n<\/div>\n<\/div>\n<\/div>\n\n\n\n<div class=\"wp-block-column has-border-color has-pale-cyan-blue-border-color is-layout-flow wp-block-column-is-layout-flow\" style=\"border-width:2px\">\n<h2 class=\"has-text-align-center has-pale-cyan-blue-color has-ast-global-color-5-background-color has-text-color has-background has-large-font-size wp-block-heading\" style=\"padding-top:var(--wp--preset--spacing--60);padding-right:var(--wp--preset--spacing--60);padding-bottom:var(--wp--preset--spacing--60);padding-left:var(--wp--preset--spacing--60)\"><a href=\"http:\/\/www.martinellifenzo.com\/es\/l-unico\/\" data-type=\"page\" data-id=\"484\">L&#8217;UNICO<\/a><\/h2>\n\n\n\n<div class=\"et_pb_text et_pb_module et_pb_bg_layout_light et_pb_text_align_left  et_pb_text_4\">\n<div class=\"et_pb_text et_pb_module et_pb_bg_layout_light et_pb_text_align_left  et_pb_text_7\">\n<p style=\"text-align: center;\"><a href=\"http:\/\/www.martinellifenzo.com\/es\/l-unico\/\">sacacorchos<\/a><\/p>\n<\/div>\n<\/div>\n<\/div>\n<\/div>\n\n\n\n<div class=\"wp-block-columns is-layout-flex wp-container-core-columns-is-layout-5c5cdacd wp-block-columns-is-layout-flex\" style=\"border-style:none;border-width:0px;padding-top:var(--wp--preset--spacing--20);padding-right:var(--wp--preset--spacing--20);padding-bottom:var(--wp--preset--spacing--20);padding-left:var(--wp--preset--spacing--20)\">\n<div class=\"wp-block-column is-layout-flow wp-block-column-is-layout-flow\" style=\"border-style:none;border-width:0px\"><\/div>\n\n\n\n<div class=\"wp-block-column has-border-color has-pale-cyan-blue-border-color is-layout-flow wp-block-column-is-layout-flow\" style=\"border-width:2px\">\n<h2 class=\"has-text-align-center has-pale-cyan-blue-color has-ast-global-color-5-background-color has-text-color has-background has-large-font-size wp-block-heading\" style=\"margin-top:0;margin-right:0;margin-bottom:0;margin-left:0;padding-top:var(--wp--preset--spacing--60);padding-right:var(--wp--preset--spacing--60);padding-bottom:var(--wp--preset--spacing--60);padding-left:var(--wp--preset--spacing--60)\"><a href=\"http:\/\/www.martinellifenzo.com\/es\/scarpi\/\" data-type=\"page\" data-id=\"392\">SCARPI&#8217;<\/a><\/h2>\n\n\n\n<div class=\"et_pb_text et_pb_module et_pb_bg_layout_light et_pb_text_align_left  et_pb_text_3\">\n<div class=\"et_pb_text et_pb_module et_pb_bg_layout_light et_pb_text_align_left  et_pb_text_6\">\n<div class=\"et_pb_text et_pb_module et_pb_bg_layout_light et_pb_text_align_left  et_pb_text_8\">\n<p style=\"text-align: center;\"><a href=\"http:\/\/www.martinellifenzo.com\/es\/scarpi\/\">hormas de zapatos<\/a><\/p>\n<\/div>\n<\/div>\n<\/div>\n<\/div>\n\n\n\n<div class=\"wp-block-column is-layout-flow wp-block-column-is-layout-flow\" style=\"border-style:none;border-width:0px\"><\/div>\n<\/div>\n","protected":false},"excerpt":{"rendered":"<p>Los objetos estudiados y realizados por Urania son todos productos Made in Italy y son probados directamente con la m\u00e1xima cura por nuestra empresa.De los accesorios por la costura a los accesorios por la casa, Urania planea, imprime y comercializa en su f\u00e1brica una l\u00ednea completa de objetos para simplificar la vida! Nuestra empresa es [&hellip;]<\/p>\n","protected":false},"author":3,"featured_media":0,"parent":0,"menu_order":0,"comment_status":"closed","ping_status":"closed","template":"","meta":{"site-sidebar-layout":"default","site-content-layout":"","ast-site-content-layout":"default","site-content-style":"default","site-sidebar-style":"default","ast-global-header-display":"","ast-banner-title-visibility":"","ast-main-header-display":"","ast-hfb-above-header-display":"","ast-hfb-below-header-display":"","ast-hfb-mobile-header-display":"","site-post-title":"","ast-breadcrumbs-content":"","ast-featured-img":"","footer-sml-layout":"","theme-transparent-header-meta":"","adv-header-id-meta":"","stick-header-meta":"","header-above-stick-meta":"","header-main-stick-meta":"","header-below-stick-meta":"","astra-migrate-meta-layouts":"default","ast-page-background-enabled":"default","ast-page-background-meta":{"desktop":{"background-color":"var(--ast-global-color-4)","background-image":"","background-repeat":"repeat","background-position":"center center","background-size":"auto","background-attachment":"scroll","background-type":"","background-media":"","overlay-type":"","overlay-color":"","overlay-opacity":"","overlay-gradient":""},"tablet":{"background-color":"","background-image":"","background-repeat":"repeat","background-position":"center center","background-size":"auto","background-attachment":"scroll","background-type":"","background-media":"","overlay-type":"","overlay-color":"","overlay-opacity":"","overlay-gradient":""},"mobile":{"background-color":"","background-image":"","background-repeat":"repeat","background-position":"center center","background-size":"auto","background-attachment":"scroll","background-type":"","background-media":"","overlay-type":"","overlay-color":"","overlay-opacity":"","overlay-gradient":""}},"ast-content-background-meta":{"desktop":{"background-color":"var(--ast-global-color-5)","background-image":"","background-repeat":"repeat","background-position":"center center","background-size":"auto","background-attachment":"scroll","background-type":"","background-media":"","overlay-type":"","overlay-color":"","overlay-opacity":"","overlay-gradient":""},"tablet":{"background-color":"var(--ast-global-color-5)","background-image":"","background-repeat":"repeat","background-position":"center center","background-size":"auto","background-attachment":"scroll","background-type":"","background-media":"","overlay-type":"","overlay-color":"","overlay-opacity":"","overlay-gradient":""},"mobile":{"background-color":"var(--ast-global-color-5)","background-image":"","background-repeat":"repeat","background-position":"center center","background-size":"auto","background-attachment":"scroll","background-type":"","background-media":"","overlay-type":"","overlay-color":"","overlay-opacity":"","overlay-gradient":""}},"footnotes":""},"class_list":["post-210","page","type-page","status-publish","hentry"],"_links":{"self":[{"href":"https:\/\/www.martinellifenzo.com\/es\/wp-json\/wp\/v2\/pages\/210","targetHints":{"allow":["GET"]}}],"collection":[{"href":"https:\/\/www.martinellifenzo.com\/es\/wp-json\/wp\/v2\/pages"}],"about":[{"href":"https:\/\/www.martinellifenzo.com\/es\/wp-json\/wp\/v2\/types\/page"}],"author":[{"embeddable":true,"href":"https:\/\/www.martinellifenzo.com\/es\/wp-json\/wp\/v2\/users\/3"}],"replies":[{"embeddable":true,"href":"https:\/\/www.martinellifenzo.com\/es\/wp-json\/wp\/v2\/comments?post=210"}],"version-history":[{"count":2,"href":"https:\/\/www.martinellifenzo.com\/es\/wp-json\/wp\/v2\/pages\/210\/revisions"}],"predecessor-version":[{"id":810,"href":"https:\/\/www.martinellifenzo.com\/es\/wp-json\/wp\/v2\/pages\/210\/revisions\/810"}],"wp:attachment":[{"href":"https:\/\/www.martinellifenzo.com\/es\/wp-json\/wp\/v2\/media?parent=210"}],"curies":[{"name":"wp","href":"https:\/\/api.w.org\/{rel}","templated":true}]}}